{"id":891,"date":"2025-09-27T14:04:05","date_gmt":"2025-09-27T11:04:05","guid":{"rendered":"https:\/\/seitattoostudio.com\/?page_id=891"},"modified":"2025-09-27T14:05:15","modified_gmt":"2025-09-27T11:05:15","slug":"irem-esra-gokalp","status":"publish","type":"page","link":"https:\/\/seitattoostudio.com\/index.php\/irem-esra-gokalp\/","title":{"rendered":"\u0130rem Esra G\u00f6kalp"},"content":{"rendered":"\n<figure class=\"wp-block-gallery alignleft has-nested-images columns-default is-cropped wp-block-gallery-1 is-layout-flex wp-block-gallery-is-layout-flex\">\n<figure class=\"wp-block-image size-large\"><img loading=\"lazy\" decoding=\"async\" width=\"1024\" height=\"1024\" data-id=\"932\" src=\"https:\/\/seitattoostudio.com\/wp-content\/uploads\/2025\/09\/ali-OZAKCA-1024x1024.png\" alt=\"\" class=\"wp-image-932\" srcset=\"https:\/\/seitattoostudio.com\/wp-content\/uploads\/2025\/09\/ali-OZAKCA-1024x1024.png 1024w, https:\/\/seitattoostudio.com\/wp-content\/uploads\/2025\/09\/ali-OZAKCA-300x300.png 300w, https:\/\/seitattoostudio.com\/wp-content\/uploads\/2025\/09\/ali-OZAKCA-150x150.png 150w, https:\/\/seitattoostudio.com\/wp-content\/uploads\/2025\/09\/ali-OZAKCA-768x768.png 768w, https:\/\/seitattoostudio.com\/wp-content\/uploads\/2025\/09\/ali-OZAKCA-75x75.png 75w, https:\/\/seitattoostudio.com\/wp-content\/uploads\/2025\/09\/ali-OZAKCA.png 1080w\" sizes=\"auto, (max-width: 1024px) 100vw, 1024px\" \/><\/figure>\n<\/figure>\n\n\n\n<p><\/p>\n\n\n\n<p> Anadolu \u00dcniversitesi Bask\u0131 Sanatlar\u0131 Y\u00fcksek Lisans program\u0131ndan mezun olan \u0130rem, sanat e\u011fitimini d\u00f6vme prati\u011fiyle birle\u015ftirerek \u00fcretimlerine devam ediyor. Minimal &#8211; Micro Realism &#8211; Dotwork &#8211; Realism &#8211; Color tarz\u0131nda \u00e7al\u0131\u015fmalar yap\u0131yor.<\/p>\n\n\n\n<p>\u0130rem\u2019den randevu almak i\u00e7in l\u00fctfen&nbsp;<a href=\"https:\/\/seitattoostudio.com\/index.php\/randevu\/\" target=\"_blank\" rel=\"noreferrer noopener\"><strong>bizimle ileti\u015fime ge\u00e7iniz<\/strong><\/a>.<\/p>\n\n\n\n<p><\/p>\n\n\n\n<p><\/p>\n\n\n\n<p><\/p>\n\n\n\nngg_shortcode_0_placeholder\n","protected":false},"excerpt":{"rendered":"<p>Anadolu \u00dcniversitesi Bask\u0131 Sanatlar\u0131 Y\u00fcksek Lisans program\u0131ndan mezun olan \u0130rem, sanat e\u011fitimini d\u00f6vme prati\u011fiyle birle\u015ftirerek \u00fcretimlerine devam ediyor. Minimal &#8211; Micro Realism &#8211; Dotwork &#8211; Realism &#8211; Color tarz\u0131nda \u00e7al\u0131\u015fmalar yap\u0131yor. \u0130rem\u2019den randevu almak i\u00e7in l\u00fctfen&nbsp;bizimle ileti\u015fime ge\u00e7iniz.<\/p>\n","protected":false},"author":1,"featured_media":0,"parent":0,"menu_order":0,"comment_status":"closed","ping_status":"closed","template":"","meta":{"ngg_post_thumbnail":0,"footnotes":""},"class_list":["post-891","page","type-page","status-publish","hentry"],"_links":{"self":[{"href":"https:\/\/seitattoostudio.com\/index.php\/wp-json\/wp\/v2\/pages\/891","targetHints":{"allow":["GET"]}}],"collection":[{"href":"https:\/\/seitattoostudio.com\/index.php\/wp-json\/wp\/v2\/pages"}],"about":[{"href":"https:\/\/seitattoostudio.com\/index.php\/wp-json\/wp\/v2\/types\/page"}],"author":[{"embeddable":true,"href":"https:\/\/seitattoostudio.com\/index.php\/wp-json\/wp\/v2\/users\/1"}],"replies":[{"embeddable":true,"href":"https:\/\/seitattoostudio.com\/index.php\/wp-json\/wp\/v2\/comments?post=891"}],"version-history":[{"count":3,"href":"https:\/\/seitattoostudio.com\/index.php\/wp-json\/wp\/v2\/pages\/891\/revisions"}],"predecessor-version":[{"id":980,"href":"https:\/\/seitattoostudio.com\/index.php\/wp-json\/wp\/v2\/pages\/891\/revisions\/980"}],"wp:attachment":[{"href":"https:\/\/seitattoostudio.com\/index.php\/wp-json\/wp\/v2\/media?parent=891"}],"curies":[{"name":"wp","href":"https:\/\/api.w.org\/{rel}","templated":true}]}}