{"id":840,"date":"2024-11-15T12:24:33","date_gmt":"2024-11-15T09:24:33","guid":{"rendered":"https:\/\/seitattoostudio.com\/?page_id=840"},"modified":"2024-11-15T18:05:34","modified_gmt":"2024-11-15T15:05:34","slug":"eskisehir-dovme-egitimi","status":"publish","type":"page","link":"https:\/\/seitattoostudio.com\/index.php\/eskisehir-dovme-egitimi\/","title":{"rendered":"Eski\u015fehir D\u00f6vme E\u011fitim Program\u0131"},"content":{"rendered":"\n<p>T\u00fcrkiye&#8217;nin <strong>ilk<\/strong> ve <strong>en b\u00fcy\u00fck<\/strong> d\u00f6vme okulu <a href=\"https:\/\/inkakademi.com\/\"><strong>INKAKADEM\u0130<\/strong><\/a> art\u0131k Eski\u015fehir <strong>Sei Tattoo Studio<\/strong>&#8216;da<\/p>\n\n\n\n<p><\/p>\n\n\n\n<div class=\"wp-block-media-text is-stacked-on-mobile is-vertically-aligned-center\" style=\"grid-template-columns:33% auto\"><figure class=\"wp-block-media-text__media\"><img loading=\"lazy\" decoding=\"async\" width=\"535\" height=\"776\" src=\"https:\/\/seitattoostudio.com\/wp-content\/uploads\/2024\/11\/q92f6iok.png\" alt=\"\" class=\"wp-image-841 size-full\" srcset=\"https:\/\/seitattoostudio.com\/wp-content\/uploads\/2024\/11\/q92f6iok.png 535w, https:\/\/seitattoostudio.com\/wp-content\/uploads\/2024\/11\/q92f6iok-207x300.png 207w\" sizes=\"auto, (max-width: 535px) 100vw, 535px\" \/><\/figure><div class=\"wp-block-media-text__content\">\n<p class=\"has-text-align-left\"> D\u00f6vme sanat\u0131n\u0131 \u00f6d\u00fcll\u00fc e\u011fitmenlerimizin rehberli\u011finde ke\u015ffedin. <\/p>\n\n\n\n<p class=\"has-text-align-left\">T\u00fcrkiye&#8217;de ad\u0131na ilk ve tek imzal\u0131 boya seti \u00e7\u0131kar\u0131lm\u0131\u015f sanat\u00e7\u0131 <strong><a href=\"https:\/\/seitattoostudio.com\/index.php\/49-2\/\">Sude Erdem<\/a><\/strong> ve pek \u00e7ok uzman e\u011fitmenimizin e\u015fli\u011finde siz de art\u0131k d\u00f6vme sanat\u00e7\u0131s\u0131 olabilirsiniz.<\/p>\n<\/div><\/div>\n\n\n\n<p class=\"has-text-align-center\"><strong>72 Saatlik D\u00f6vme E\u011fitim Program \u0130\u00e7eri\u011fi<\/strong><\/p>\n\n\n\n<ul class=\"wp-block-list\">\n<li>\u00d6d\u00fcll\u00fc e\u011fitmenlerimiz ile birebir e\u011fitim<\/li>\n\n\n\n<li>72 saatlik <strong>h\u0131zland\u0131r\u0131lm\u0131\u015f kurs<\/strong> se\u00e7enekleri<\/li>\n\n\n\n<li>\u00c7izim e\u011fitimi<\/li>\n\n\n\n<li>\u0130\u011fne, boya ve sarf malzemelerinin tan\u0131t\u0131m\u0131<\/li>\n\n\n\n<li>B\u00fct\u00fcn d\u00f6vme tekniklerinin e\u011fitimi<\/li>\n\n\n\n<li>Yapay deri \u00e7al\u0131\u015fmalar\u0131<\/li>\n\n\n\n<li>Ger\u00e7ek deride g\u00f6zetmenler e\u015fli\u011finde en az 4 d\u00f6vme imkan\u0131<\/li>\n\n\n\n<li>D\u00f6vme bak\u0131m\u0131<\/li>\n\n\n\n<li>Hijyen e\u011fitimi<\/li>\n\n\n\n<li>D\u00f6vme foto\u011fraf\u00e7\u0131l\u0131\u011f\u0131 e\u011fitimi<\/li>\n\n\n\n<li>Sosyal medya y\u00f6netimi<\/li>\n\n\n\n<li>MYK belgesi e\u011fitimi<\/li>\n\n\n\n<li>Kursu ba\u015far\u0131 ile tamamlayan sanat\u00e7\u0131 adaylar\u0131na Inkakademi ba\u015far\u0131 sertifikas\u0131 <\/li>\n\n\n\n<li>Kursu \u00fcst\u00fcn ba\u015far\u0131 ile tamamlayan sanat\u00e7\u0131lar i\u00e7in Sei Tattoo Studio&#8217;da d\u00f6vme sanat\u00e7\u0131s\u0131 olma f\u0131rsat\u0131.<\/li>\n<\/ul>\n\n\n\n<p><\/p>\n\n\n\n<blockquote class=\"instagram-media\" data-instgrm-captioned data-instgrm-permalink=\"https:\/\/www.instagram.com\/reel\/C_x9rr2IdWc\/?utm_source=ig_embed&amp;utm_campaign=loading\" data-instgrm-version=\"14\" style=\" background:#FFF; border:0; border-radius:3px; box-shadow:0 0 1px 0 rgba(0,0,0,0.5),0 1px 10px 0 rgba(0,0,0,0.15); margin: 1px; max-width:540px; min-width:326px; padding:0; width:99.375%; width:-webkit-calc(100% - 2px); width:calc(100% - 2px);\"><div style=\"padding:16px;\"> <a href=\"https:\/\/www.instagram.com\/reel\/C_x9rr2IdWc\/?utm_source=ig_embed&amp;utm_campaign=loading\" style=\" background:#FFFFFF; line-height:0; padding:0 0; text-align:center; text-decoration:none; width:100%;\" target=\"_blank\" rel=\"noopener\"> <div style=\" display: flex; flex-direction: row; align-items: center;\"> <div style=\"background-color: #F4F4F4; border-radius: 50%; flex-grow: 0; height: 40px; margin-right: 14px; width: 40px;\"><\/div> <div style=\"display: flex; flex-direction: column; flex-grow: 1; justify-content: center;\"> <div style=\" background-color: #F4F4F4; border-radius: 4px; flex-grow: 0; height: 14px; margin-bottom: 6px; width: 100px;\"><\/div> <div style=\" background-color: #F4F4F4; border-radius: 4px; flex-grow: 0; height: 14px; width: 60px;\"><\/div><\/div><\/div><div style=\"padding: 19% 0;\"><\/div> <div style=\"display:block; height:50px; margin:0 auto 12px; width:50px;\"><svg width=\"50px\" height=\"50px\" viewBox=\"0 0 60 60\" version=\"1.1\" xmlns=\"https:\/\/www.w3.org\/2000\/svg\" xmlns:xlink=\"https:\/\/www.w3.org\/1999\/xlink\"><g stroke=\"none\" stroke-width=\"1\" fill=\"none\" fill-rule=\"evenodd\"><g transform=\"translate(-511.000000, -20.000000)\" fill=\"#000000\"><g><path d=\"M556.869,30.41 C554.814,30.41 553.148,32.076 553.148,34.131 C553.148,36.186 554.814,37.852 556.869,37.852 C558.924,37.852 560.59,36.186 560.59,34.131 C560.59,32.076 558.924,30.41 556.869,30.41 M541,60.657 C535.114,60.657 530.342,55.887 530.342,50 C530.342,44.114 535.114,39.342 541,39.342 C546.887,39.342 551.658,44.114 551.658,50 C551.658,55.887 546.887,60.657 541,60.657 M541,33.886 C532.1,33.886 524.886,41.1 524.886,50 C524.886,58.899 532.1,66.113 541,66.113 C549.9,66.113 557.115,58.899 557.115,50 C557.115,41.1 549.9,33.886 541,33.886 M565.378,62.101 C565.244,65.022 564.756,66.606 564.346,67.663 C563.803,69.06 563.154,70.057 562.106,71.106 C561.058,72.155 560.06,72.803 558.662,73.347 C557.607,73.757 556.021,74.244 553.102,74.378 C549.944,74.521 548.997,74.552 541,74.552 C533.003,74.552 532.056,74.521 528.898,74.378 C525.979,74.244 524.393,73.757 523.338,73.347 C521.94,72.803 520.942,72.155 519.894,71.106 C518.846,70.057 518.197,69.06 517.654,67.663 C517.244,66.606 516.755,65.022 516.623,62.101 C516.479,58.943 516.448,57.996 516.448,50 C516.448,42.003 516.479,41.056 516.623,37.899 C516.755,34.978 517.244,33.391 517.654,32.338 C518.197,30.938 518.846,29.942 519.894,28.894 C520.942,27.846 521.94,27.196 523.338,26.654 C524.393,26.244 525.979,25.756 528.898,25.623 C532.057,25.479 533.004,25.448 541,25.448 C548.997,25.448 549.943,25.479 553.102,25.623 C556.021,25.756 557.607,26.244 558.662,26.654 C560.06,27.196 561.058,27.846 562.106,28.894 C563.154,29.942 563.803,30.938 564.346,32.338 C564.756,33.391 565.244,34.978 565.378,37.899 C565.522,41.056 565.552,42.003 565.552,50 C565.552,57.996 565.522,58.943 565.378,62.101 M570.82,37.631 C570.674,34.438 570.167,32.258 569.425,30.349 C568.659,28.377 567.633,26.702 565.965,25.035 C564.297,23.368 562.623,22.342 560.652,21.575 C558.743,20.834 556.562,20.326 553.369,20.18 C550.169,20.033 549.148,20 541,20 C532.853,20 531.831,20.033 528.631,20.18 C525.438,20.326 523.257,20.834 521.349,21.575 C519.376,22.342 517.703,23.368 516.035,25.035 C514.368,26.702 513.342,28.377 512.574,30.349 C511.834,32.258 511.326,34.438 511.181,37.631 C511.035,40.831 511,41.851 511,50 C511,58.147 511.035,59.17 511.181,62.369 C511.326,65.562 511.834,67.743 512.574,69.651 C513.342,71.625 514.368,73.296 516.035,74.965 C517.703,76.634 519.376,77.658 521.349,78.425 C523.257,79.167 525.438,79.673 528.631,79.82 C531.831,79.965 532.853,80.001 541,80.001 C549.148,80.001 550.169,79.965 553.369,79.82 C556.562,79.673 558.743,79.167 560.652,78.425 C562.623,77.658 564.297,76.634 565.965,74.965 C567.633,73.296 568.659,71.625 569.425,69.651 C570.167,67.743 570.674,65.562 570.82,62.369 C570.966,59.17 571,58.147 571,50 C571,41.851 570.966,40.831 570.82,37.631\"><\/path><\/g><\/g><\/g><\/svg><\/div><div style=\"padding-top: 8px;\"> <div style=\" color:#3897f0; font-family:Arial,sans-serif; font-size:14px; font-style:normal; font-weight:550; line-height:18px;\">Bu g\u00f6nderiyi Instagram&#39;da g\u00f6r<\/div><\/div><div style=\"padding: 12.5% 0;\"><\/div> <div style=\"display: flex; flex-direction: row; margin-bottom: 14px; align-items: center;\"><div> <div style=\"background-color: #F4F4F4; border-radius: 50%; height: 12.5px; width: 12.5px; transform: translateX(0px) translateY(7px);\"><\/div> <div style=\"background-color: #F4F4F4; height: 12.5px; transform: rotate(-45deg) translateX(3px) translateY(1px); width: 12.5px; flex-grow: 0; margin-right: 14px; margin-left: 2px;\"><\/div> <div style=\"background-color: #F4F4F4; border-radius: 50%; height: 12.5px; width: 12.5px; transform: translateX(9px) translateY(-18px);\"><\/div><\/div><div style=\"margin-left: 8px;\"> <div style=\" background-color: #F4F4F4; border-radius: 50%; flex-grow: 0; height: 20px; width: 20px;\"><\/div> <div style=\" width: 0; height: 0; border-top: 2px solid transparent; border-left: 6px solid #f4f4f4; border-bottom: 2px solid transparent; transform: translateX(16px) translateY(-4px) rotate(30deg)\"><\/div><\/div><div style=\"margin-left: auto;\"> <div style=\" width: 0px; border-top: 8px solid #F4F4F4; border-right: 8px solid transparent; transform: translateY(16px);\"><\/div> <div style=\" background-color: #F4F4F4; flex-grow: 0; height: 12px; width: 16px; transform: translateY(-4px);\"><\/div> <div style=\" width: 0; height: 0; border-top: 8px solid #F4F4F4; border-left: 8px solid transparent; transform: translateY(-4px) translateX(8px);\"><\/div><\/div><\/div> <div style=\"display: flex; flex-direction: column; flex-grow: 1; justify-content: center; margin-bottom: 24px;\"> <div style=\" background-color: #F4F4F4; border-radius: 4px; flex-grow: 0; height: 14px; margin-bottom: 6px; width: 224px;\"><\/div> <div style=\" background-color: #F4F4F4; border-radius: 4px; flex-grow: 0; height: 14px; width: 144px;\"><\/div><\/div><\/a><p style=\" color:#c9c8cd; font-family:Arial,sans-serif; font-size:14px; line-height:17px; margin-bottom:0; margin-top:8px; overflow:hidden; padding:8px 0 7px; text-align:center; text-overflow:ellipsis; white-space:nowrap;\"><a href=\"https:\/\/www.instagram.com\/reel\/C_x9rr2IdWc\/?utm_source=ig_embed&amp;utm_campaign=loading\" style=\" color:#c9c8cd; font-family:Arial,sans-serif; font-size:14px; font-style:normal; font-weight:normal; line-height:17px; text-decoration:none;\" target=\"_blank\" rel=\"noopener\">INK AKADEMI\u0307 Do\u0308vme Okulu Tattoo School (@inkakademi)&#39;in payla\u015ft\u0131\u011f\u0131 bir g\u00f6nderi<\/a><\/p><\/div><\/blockquote>\n<script async src=\"\/\/www.instagram.com\/embed.js\"><\/script>\n\n\n\n<p class=\"has-text-align-center\"><strong>Randevu ve bilgi <\/strong><\/p>\n\n\n\n<div class=\"forminator-guttenberg\"><div class=\"forminator-ui forminator-custom-form forminator-custom-form-843 forminator-design--material  forminator_ajax\" data-forminator-render=\"0\" data-form=\"forminator-module-843\" data-uid=\"69d29baabf73c\"><br\/><\/div><form\n\t\t\t\tid=\"forminator-module-843\"\n\t\t\t\tclass=\"forminator-ui forminator-custom-form forminator-custom-form-843 forminator-design--material  forminator_ajax\"\n\t\t\t\tmethod=\"post\"\n\t\t\t\tdata-forminator-render=\"0\"\n\t\t\t\tdata-form-id=\"843\"\n\t\t\t\t data-color-option=\"default\" data-design=\"material\" data-grid=\"open\" style=\"display: none;\"\n\t\t\t\tdata-uid=\"69d29baabf73c\"\n\t\t\t><div role=\"alert\" aria-live=\"polite\" class=\"forminator-response-message forminator-error\" aria-hidden=\"true\"><\/div><div class=\"forminator-row\"><div id=\"checkbox-1\" class=\"forminator-field-checkbox forminator-col forminator-col-12 \"><div role=\"group\" class=\"forminator-field\" aria-labelledby=\"forminator-checkbox-group-forminator-field-checkbox-1-69d29baabf73c-label\"><span id=\"forminator-checkbox-group-forminator-field-checkbox-1-69d29baabf73c-label\" class=\"forminator-label\">Inkakademi D\u00f6vme E\u011fitim Program\u0131<\/span><\/div><\/div><\/div><div class=\"forminator-row\"><div id=\"textarea-1\" class=\"forminator-field-textarea forminator-col forminator-col-12 \"><div class=\"forminator-field\"><label for=\"forminator-field-textarea-1_69d29baabf73c\" id=\"forminator-field-textarea-1_69d29baabf73c-label\" class=\"forminator-label\">E\u011fitim program\u0131m\u0131za dair sorular\u0131n\u0131z i\u00e7in bizimle ileti\u015fime ge\u00e7ebilirsiniz<\/label><textarea name=\"textarea-1\" placeholder=\"\" id=\"forminator-field-textarea-1_69d29baabf73c\" class=\"forminator-textarea\" rows=\"6\" style=\"min-height:140px;\" maxlength=\"180\" ><\/textarea><span id=\"forminator-field-textarea-1_69d29baabf73c-description\" class=\"forminator-description\"><span data-limit=\"180\" data-type=\"characters\" data-editor=\"\">0 \/ 180<\/span><\/span><\/div><\/div><\/div><div class=\"forminator-row\"><div id=\"name-1\" class=\"forminator-field-name forminator-col forminator-col-12 \"><div class=\"forminator-row forminator-no-margin\" data-multiple=\"true\"><div class=\"forminator-col forminator-col-md-6\"><div class=\"forminator-field\"><label for=\"forminator-field-first-name-1_69d29baabf73c\" id=\"forminator-field-first-name-1_69d29baabf73c-label\" class=\"forminator-label\">\u0130lk Ad <span class=\"forminator-required\">*<\/span><\/label><input type=\"text\" name=\"name-1-first-name\" placeholder=\"\" id=\"forminator-field-first-name-1_69d29baabf73c\" class=\"forminator-input\" aria-required=\"true\" data-multi=\"1\" autocomplete=\"given-name\" value=\"\" \/><\/div><\/div><div class=\"forminator-col forminator-col-md-6\"><div class=\"forminator-field\"><label for=\"forminator-field-last-name-1_69d29baabf73c\" id=\"forminator-field-last-name-1_69d29baabf73c-label\" class=\"forminator-label\">Soyad <span class=\"forminator-required\">*<\/span><\/label><input type=\"text\" name=\"name-1-last-name\" placeholder=\"\" id=\"forminator-field-last-name-1_69d29baabf73c\" class=\"forminator-input\" aria-required=\"true\" data-multi=\"1\" autocomplete=\"family-name\" value=\"\" \/><\/div><\/div><\/div><\/div><\/div><div class=\"forminator-row\"><div id=\"email-1\" class=\"forminator-field-email forminator-col forminator-col-12 \"><div class=\"forminator-field\"><label for=\"forminator-field-email-1_69d29baabf73c\" id=\"forminator-field-email-1_69d29baabf73c-label\" class=\"forminator-label\">E-posta Adresi<\/label><input type=\"email\" name=\"email-1\" value=\"\" placeholder=\"\" id=\"forminator-field-email-1_69d29baabf73c\" class=\"forminator-input forminator-email--field\" data-required=\"\" aria-required=\"false\" autocomplete=\"email\" \/><\/div><\/div><\/div><div class=\"forminator-row\"><div id=\"phone-1\" class=\"forminator-field-phone forminator-col forminator-col-12 \"><div class=\"forminator-field\"><label for=\"forminator-field-phone-1_69d29baabf73c\" id=\"forminator-field-phone-1_69d29baabf73c-label\" class=\"forminator-label\">Telefon Numaras\u0131 <span class=\"forminator-required\">*<\/span><\/label><input type=\"text\" name=\"phone-1\" value=\"\" placeholder=\"+905xxxxxxxxx\" id=\"forminator-field-phone-1_69d29baabf73c\" class=\"forminator-input forminator-field--phone\" data-required=\"1\" aria-required=\"true\" autocomplete=\"off\" data-validation=\"1\" \/><\/div><\/div><\/div><input type=\"hidden\" name=\"referer_url\" value=\"\" \/><div class=\"forminator-row forminator-row-last\"><div class=\"forminator-col\"><div class=\"forminator-field\"><button class=\"forminator-button forminator-button-submit\"><span>G&ouml;nder<\/span><span aria-hidden=\"true\"><\/span><\/button><\/div><\/div><\/div><input type=\"hidden\" id=\"forminator_nonce\" name=\"forminator_nonce\" value=\"aa14c9e0ef\" \/><input type=\"hidden\" name=\"_wp_http_referer\" value=\"\/index.php\/wp-json\/wp\/v2\/pages\/840\" \/><input type=\"hidden\" name=\"form_id\" value=\"843\"><input type=\"hidden\" name=\"page_id\" value=\"840\"><input type=\"hidden\" name=\"form_type\" value=\"default\"><input type=\"hidden\" name=\"current_url\" value=\"https:\/\/seitattoostudio.com\/index.php\/eskisehir-dovme-egitimi\/\"><input type=\"hidden\" name=\"render_id\" value=\"0\"><input type=\"hidden\" name=\"action\" value=\"forminator_submit_form_custom-forms\"><\/form><\/div>\n","protected":false},"excerpt":{"rendered":"<p>T\u00fcrkiye&#8217;nin ilk ve en b\u00fcy\u00fck d\u00f6vme okulu INKAKADEM\u0130 art\u0131k Eski\u015fehir Sei Tattoo Studio&#8216;da D\u00f6vme sanat\u0131n\u0131 \u00f6d\u00fcll\u00fc e\u011fitmenlerimizin rehberli\u011finde ke\u015ffedin. T\u00fcrkiye&#8217;de ad\u0131na ilk ve tek imzal\u0131 boya seti \u00e7\u0131kar\u0131lm\u0131\u015f sanat\u00e7\u0131 Sude Erdem ve pek \u00e7ok uzman e\u011fitmenimizin e\u015fli\u011finde siz de art\u0131k d\u00f6vme sanat\u00e7\u0131s\u0131 olabilirsiniz. 72 Saatlik D\u00f6vme E\u011fitim Program \u0130\u00e7eri\u011fi Bu g\u00f6nderiyi Instagram&#39;da g\u00f6r INK AKADEMI\u0307 Do\u0308vme Okulu Tattoo School (@inkakademi)&#39;in payla\u015ft\u0131\u011f\u0131 bir g\u00f6nderi Randevu ve bilgi<\/p>\n","protected":false},"author":1,"featured_media":0,"parent":0,"menu_order":0,"comment_status":"closed","ping_status":"closed","template":"","meta":{"ngg_post_thumbnail":0,"footnotes":""},"class_list":["post-840","page","type-page","status-publish","hentry"],"_links":{"self":[{"href":"https:\/\/seitattoostudio.com\/index.php\/wp-json\/wp\/v2\/pages\/840","targetHints":{"allow":["GET"]}}],"collection":[{"href":"https:\/\/seitattoostudio.com\/index.php\/wp-json\/wp\/v2\/pages"}],"about":[{"href":"https:\/\/seitattoostudio.com\/index.php\/wp-json\/wp\/v2\/types\/page"}],"author":[{"embeddable":true,"href":"https:\/\/seitattoostudio.com\/index.php\/wp-json\/wp\/v2\/users\/1"}],"replies":[{"embeddable":true,"href":"https:\/\/seitattoostudio.com\/index.php\/wp-json\/wp\/v2\/comments?post=840"}],"version-history":[{"count":6,"href":"https:\/\/seitattoostudio.com\/index.php\/wp-json\/wp\/v2\/pages\/840\/revisions"}],"predecessor-version":[{"id":859,"href":"https:\/\/seitattoostudio.com\/index.php\/wp-json\/wp\/v2\/pages\/840\/revisions\/859"}],"wp:attachment":[{"href":"https:\/\/seitattoostudio.com\/index.php\/wp-json\/wp\/v2\/media?parent=840"}],"curies":[{"name":"wp","href":"https:\/\/api.w.org\/{rel}","templated":true}]}}