{"id":589,"date":"2023-10-27T14:40:58","date_gmt":"2023-10-27T11:40:58","guid":{"rendered":"https:\/\/seitattoostudio.com\/?page_id=589"},"modified":"2023-10-27T14:40:58","modified_gmt":"2023-10-27T11:40:58","slug":"sudekan-tanir","status":"publish","type":"page","link":"https:\/\/seitattoostudio.com\/index.php\/sudekan-tanir\/","title":{"rendered":"Sudekan Tan\u0131r"},"content":{"rendered":"\n<div class=\"wp-block-media-text is-stacked-on-mobile\"><figure class=\"wp-block-media-text__media\"><img loading=\"lazy\" decoding=\"async\" width=\"1024\" height=\"1024\" src=\"https:\/\/seitattoostudio.com\/wp-content\/uploads\/2023\/10\/ARTIST-Kopyasi-2-1024x1024.png\" alt=\"\" class=\"wp-image-590 size-full\" srcset=\"https:\/\/seitattoostudio.com\/wp-content\/uploads\/2023\/10\/ARTIST-Kopyasi-2-1024x1024.png 1024w, https:\/\/seitattoostudio.com\/wp-content\/uploads\/2023\/10\/ARTIST-Kopyasi-2-300x300.png 300w, https:\/\/seitattoostudio.com\/wp-content\/uploads\/2023\/10\/ARTIST-Kopyasi-2-150x150.png 150w, https:\/\/seitattoostudio.com\/wp-content\/uploads\/2023\/10\/ARTIST-Kopyasi-2-768x768.png 768w, https:\/\/seitattoostudio.com\/wp-content\/uploads\/2023\/10\/ARTIST-Kopyasi-2-75x75.png 75w, https:\/\/seitattoostudio.com\/wp-content\/uploads\/2023\/10\/ARTIST-Kopyasi-2.png 1080w\" sizes=\"auto, (max-width: 1024px) 100vw, 1024px\" \/><\/figure><div class=\"wp-block-media-text__content\">\n<p> Uzun senelerdir g\u00f6rsel sanat dallar\u0131yla ilgilenen Sudekan pandemiyle beraber d\u00f6vme sanat\u0131na y\u00f6neldi. Uzak do\u011fu k\u00fclt\u00fcr\u00fcne ve oyunlara olan ilgisi d\u00f6vmelerinede yans\u0131yor. Kendisinden randevu talep etmek i\u00e7in <a href=\"https:\/\/seitattoostudio.com\/index.php\/randevu\/\" target=\"_blank\" rel=\"noopener\" title=\"\">bizimle ileti\u015fime<\/a> ge\u00e7ebilirsiniz.<\/p>\n<\/div><\/div>\n\n\n\nngg_shortcode_0_placeholder\n","protected":false},"excerpt":{"rendered":"<p>Uzun senelerdir g\u00f6rsel sanat dallar\u0131yla ilgilenen Sudekan pandemiyle beraber d\u00f6vme sanat\u0131na y\u00f6neldi. Uzak do\u011fu k\u00fclt\u00fcr\u00fcne ve oyunlara olan ilgisi d\u00f6vmelerinede yans\u0131yor. Kendisinden randevu talep etmek i\u00e7in bizimle ileti\u015fime ge\u00e7ebilirsiniz.<\/p>\n","protected":false},"author":1,"featured_media":0,"parent":0,"menu_order":0,"comment_status":"closed","ping_status":"closed","template":"","meta":{"ngg_post_thumbnail":0,"footnotes":""},"class_list":["post-589","page","type-page","status-publish","hentry"],"_links":{"self":[{"href":"https:\/\/seitattoostudio.com\/index.php\/wp-json\/wp\/v2\/pages\/589","targetHints":{"allow":["GET"]}}],"collection":[{"href":"https:\/\/seitattoostudio.com\/index.php\/wp-json\/wp\/v2\/pages"}],"about":[{"href":"https:\/\/seitattoostudio.com\/index.php\/wp-json\/wp\/v2\/types\/page"}],"author":[{"embeddable":true,"href":"https:\/\/seitattoostudio.com\/index.php\/wp-json\/wp\/v2\/users\/1"}],"replies":[{"embeddable":true,"href":"https:\/\/seitattoostudio.com\/index.php\/wp-json\/wp\/v2\/comments?post=589"}],"version-history":[{"count":1,"href":"https:\/\/seitattoostudio.com\/index.php\/wp-json\/wp\/v2\/pages\/589\/revisions"}],"predecessor-version":[{"id":596,"href":"https:\/\/seitattoostudio.com\/index.php\/wp-json\/wp\/v2\/pages\/589\/revisions\/596"}],"wp:attachment":[{"href":"https:\/\/seitattoostudio.com\/index.php\/wp-json\/wp\/v2\/media?parent=589"}],"curies":[{"name":"wp","href":"https:\/\/api.w.org\/{rel}","templated":true}]}}