{"id":49,"date":"2023-06-10T01:37:26","date_gmt":"2023-06-09T22:37:26","guid":{"rendered":"https:\/\/seitattoostudio.com\/?page_id=49"},"modified":"2025-10-03T17:17:47","modified_gmt":"2025-10-03T14:17:47","slug":"sude-erdem-ink","status":"publish","type":"page","link":"https:\/\/seitattoostudio.com\/index.php\/sude-erdem-ink\/","title":{"rendered":"Sude Erdem Ink"},"content":{"rendered":"\n<p><\/p>\n\n\n\n<div class=\"wp-block-media-text alignwide is-stacked-on-mobile\" style=\"grid-template-columns:44% auto\"><figure class=\"wp-block-media-text__media\"><img loading=\"lazy\" decoding=\"async\" width=\"535\" height=\"776\" src=\"https:\/\/seitattoostudio.com\/wp-content\/uploads\/2024\/03\/q92f6iok.png\" alt=\"\" class=\"wp-image-699 size-full\" srcset=\"https:\/\/seitattoostudio.com\/wp-content\/uploads\/2024\/03\/q92f6iok.png 535w, https:\/\/seitattoostudio.com\/wp-content\/uploads\/2024\/03\/q92f6iok-207x300.png 207w\" sizes=\"auto, (max-width: 535px) 100vw, 535px\" \/><\/figure><div class=\"wp-block-media-text__content\">\n<p> A\u011f\u0131rl\u0131kl\u0131 olarak realism alan\u0131nda \u00e7al\u0131\u015fan <a title=\"\" href=\"https:\/\/seitattoostudio.com\/index.php\/odullerimiz\/\">\u00f6d\u00fcll\u00fc<\/a> sanat\u00e7\u0131m\u0131z <a title=\"\" href=\"https:\/\/www.instagram.com\/sudeerdemink\/\" target=\"_blank\" rel=\"noopener\">Sude Erdem<\/a> ! Anadolu G\u00fczel Sanatlar Resim b\u00f6l\u00fcm\u00fcnden mezun, 2020 y\u0131l\u0131ndan beri aktif olarak d\u00f6vme yapmakta, kendisinin r\u00f6portajlar\u0131na<a title=\"\" href=\"https:\/\/sudeerdemink.com\/basin-press\/\" target=\"_blank\" rel=\"noopener\"><strong> buradan <\/strong><\/a>ula\u015fabilirsiniz. Akl\u0131n\u0131zdaki d\u00f6vme tasar\u0131mlar\u0131 i\u00e7in bizimle<a href=\"https:\/\/seitattoostudio.com\/index.php\/randevu\/\"><strong><mark style=\"background-color:rgba(0, 0, 0, 0)\" class=\"has-inline-color has-vivid-cyan-blue-color\"> ileti\u015fime ge\u00e7ebilirsiniz.<\/mark><\/strong><\/a><\/p>\n<\/div><\/div>\n\n\n\n<p><\/p>\n\n\n\nngg_shortcode_0_placeholder\n","protected":false},"excerpt":{"rendered":"<p>A\u011f\u0131rl\u0131kl\u0131 olarak realism alan\u0131nda \u00e7al\u0131\u015fan \u00f6d\u00fcll\u00fc sanat\u00e7\u0131m\u0131z Sude Erdem ! Anadolu G\u00fczel Sanatlar Resim b\u00f6l\u00fcm\u00fcnden mezun, 2020 y\u0131l\u0131ndan beri aktif olarak d\u00f6vme yapmakta, kendisinin r\u00f6portajlar\u0131na buradan ula\u015fabilirsiniz. Akl\u0131n\u0131zdaki d\u00f6vme tasar\u0131mlar\u0131 i\u00e7in bizimle ileti\u015fime ge\u00e7ebilirsiniz.<\/p>\n","protected":false},"author":1,"featured_media":0,"parent":0,"menu_order":1,"comment_status":"closed","ping_status":"closed","template":"","meta":{"ngg_post_thumbnail":0,"footnotes":""},"class_list":["post-49","page","type-page","status-publish","hentry"],"_links":{"self":[{"href":"https:\/\/seitattoostudio.com\/index.php\/wp-json\/wp\/v2\/pages\/49","targetHints":{"allow":["GET"]}}],"collection":[{"href":"https:\/\/seitattoostudio.com\/index.php\/wp-json\/wp\/v2\/pages"}],"about":[{"href":"https:\/\/seitattoostudio.com\/index.php\/wp-json\/wp\/v2\/types\/page"}],"author":[{"embeddable":true,"href":"https:\/\/seitattoostudio.com\/index.php\/wp-json\/wp\/v2\/users\/1"}],"replies":[{"embeddable":true,"href":"https:\/\/seitattoostudio.com\/index.php\/wp-json\/wp\/v2\/comments?post=49"}],"version-history":[{"count":24,"href":"https:\/\/seitattoostudio.com\/index.php\/wp-json\/wp\/v2\/pages\/49\/revisions"}],"predecessor-version":[{"id":1020,"href":"https:\/\/seitattoostudio.com\/index.php\/wp-json\/wp\/v2\/pages\/49\/revisions\/1020"}],"wp:attachment":[{"href":"https:\/\/seitattoostudio.com\/index.php\/wp-json\/wp\/v2\/media?parent=49"}],"curies":[{"name":"wp","href":"https:\/\/api.w.org\/{rel}","templated":true}]}}