{"id":216,"date":"2023-06-13T08:22:57","date_gmt":"2023-06-13T05:22:57","guid":{"rendered":"https:\/\/seitattoostudio.com\/?page_id=216"},"modified":"2023-08-20T18:42:51","modified_gmt":"2023-08-20T15:42:51","slug":"dovme-bakimi","status":"publish","type":"page","link":"https:\/\/seitattoostudio.com\/index.php\/dovme-bakimi\/","title":{"rendered":"D\u00f6vme Bak\u0131m\u0131"},"content":{"rendered":"<div class=\"wp-block-image\">\n<figure class=\"aligncenter size-full is-resized\"><a href=\"https:\/\/www.instagram.com\/sudeerdemink\/\" target=\"_blank\" rel=\"noreferrer noopener\"><img loading=\"lazy\" decoding=\"async\" src=\"https:\/\/sudeerdemink.com\/wp-content\/uploads\/2022\/01\/IMG_1091-1.jpeg\" alt=\"D\u00f6vme bak\u0131m\u0131 nas\u0131l yap\u0131lmal\u0131 ? D\u00f6vmemize ne s\u00fcrmeliyiz ne s\u00fcrmemeliyiz ? d\u00f6vme bak\u0131m\u0131nda dikkat edilmesi gerekenler. \" class=\"wp-image-710\" width=\"641\" height=\"728\"\/><\/a><\/figure>\n<\/div>\n\n\n<h2 class=\"wp-block-heading has-text-align-center\">D\u00f6vme Bak\u0131m\u0131 Nas\u0131l Yap\u0131l\u0131r ?<\/h2>\n\n\n\n<p>Bu metinde <a href=\"https:\/\/seitattoostudio.com\/\" title=\"\">d\u00f6vme<\/a> bak\u0131m\u0131nda nelere dikkat etmeliyiz ? D\u00f6vme bak\u0131m s\u00fcrecinde hangi durumlarla kar\u015f\u0131la\u015faca\u011f\u0131z ? \u0130yile\u015fme a\u015famas\u0131ndaki d\u00f6vmelerimizde kabuklanmalar, d\u00f6k\u00fclmeler ve bozulmalar normal mi ? D\u00f6vme bak\u0131m s\u00fcrecinde ka\u015f\u0131nt\u0131, k\u0131zar\u0131kl\u0131k ve \u015fi\u015flik ne zaman ge\u00e7er ? Herhangi bir tehlikesi var m\u0131d\u0131r ? D\u00f6vme bak\u0131m s\u00fcrecindeyken spora ne zaman gidebilirim ? Yeni d\u00f6vme yapt\u0131rd\u0131m denize veya havuza gidebilir miyim ? D\u00f6vme bak\u0131m s\u00fcrecinde du\u015fa ne zaman girebilirim ? gibi soru i\u015faretlerinin cevaplar\u0131n\u0131 bulacaks\u0131n\u0131z.<\/p>\n\n\n\n<h2 class=\"wp-block-heading has-text-align-center\"><strong><u>1-5. g<\/u><\/strong><strong><u>\u00fc<\/u><\/strong><strong><u>n<\/u><\/strong><\/h2>\n\n\n\n<ul class=\"wp-block-list\">\n<li><a href=\"https:\/\/seitattoostudio.com\/\" title=\"\">D\u00f6vme<\/a>nize yap\u0131\u015ft\u0131r\u0131lan band\u0131 (Dermalize) 5 g\u00fcn boyunca <strong><em><u>\u00e7\u0131karmay\u0131n.<\/u><\/em><\/strong><\/li>\n\n\n\n<li>D\u00f6vme bak\u0131m band\u0131 (Dermalize) kullan\u0131ld\u0131\u011f\u0131 s\u00fcrece bak\u0131ma gerek yoktur. (5. g\u00fcn) \u00e7\u0131kar\u0131ld\u0131ktan sonra d\u00f6vme bak\u0131m\u0131na ba\u015flanmal\u0131d\u0131r.<\/li>\n<\/ul>\n\n\n\n<h2 class=\"wp-block-heading has-text-align-center\"><em>\u00a0\u00a0\u00a0\u00a0\u00a0\u00a0\u00a0<\/em><strong><em>D\u00f6vme Bak\u0131m Band\u0131<\/em><\/strong> (Dermalize<strong><em>) nedir ?<\/em><\/strong><\/h2>\n\n\n\n<ul class=\"wp-block-list\">\n<li>D\u00f6vme bak\u0131m band\u0131 (Dermalize) d\u00f6vmenin iyile\u015fmesi i\u00e7in daha uygun bir ortam haz\u0131rlay\u0131p bu s\u00fcre\u00e7te d\u00f6vmeyi d\u0131\u015f etkenlerden koruyan su ge\u00e7irmeyen ama hava ge\u00e7iren esnek bir materyaldir.<\/li>\n\n\n\n<li>\u0130lk 24 saat du\u015f almay\u0131n ve d\u00f6vmenin oldu\u011fu b\u00f6lgeyi \u00e7ok esnetecek hareketlerden ka\u00e7\u0131n\u0131n.<\/li>\n\n\n\n<li>D\u00f6vme bak\u0131m band\u0131 (Dermalize) kullan\u0131ld\u0131\u011f\u0131 s\u00fcre\u00e7te ekstra bir bak\u0131m ve temizlik gerektirmez.<\/li>\n\n\n\n<li>D\u00f6vmenizi yo\u011fun su alt\u0131nda tutmaktan (deniz,havuz )ve uzun s\u00fcreli du\u015flardan ka\u00e7\u0131n\u0131n. K\u0131sa s\u00fcreli du\u015f al\u0131nabilir ancak suyun s\u0131cak olmamas\u0131na ve d\u00f6vme b\u00f6lgesinin korunarak du\u015f al\u0131nmas\u0131na, lif ve benzeri \u00fcr\u00fcnlerin temas etmemesine dikkat edilmelidir, aksi taktirde d\u00f6vme bak\u0131m band\u0131 (Dermalize) i\u015flevini yitirebilir. Her du\u015ftan sonra d\u00f6vme bak\u0131m band\u0131 (Dermalize)&#8217;in i\u015flevinin zarar g\u00f6r\u00fcp g\u00f6rmedi\u011fi kontrol edilmelidir<\/li>\n\n\n\n<li>D\u00f6vme bak\u0131m band\u0131 (Dermalize)&#8217;n\u0131n alt\u0131ndaki d\u00f6vme bu s\u00fcre\u00e7te salg\u0131lanan m\u00fcrekkep, kan ve plazman\u0131n at\u0131lmay\u0131p alt\u0131nda toplanmas\u0131ndan dolay\u0131 bulan\u0131k ve da\u011f\u0131n\u0131k g\u00f6r\u00fcnebilir. Tamamen normaldir. \u00c7\u0131kar\u0131ld\u0131\u011f\u0131nda y\u0131kanarak temizlenecektir.<\/li>\n\n\n\n<li>Spor yapmaktan ve \u00e7ok terlemekten ka\u00e7\u0131n\u0131n.<\/li>\n<\/ul>\n\n\n<div class=\"wp-block-image\">\n<figure class=\"aligncenter size-large\"><a href=\"https:\/\/www.dermalizepro.com\/\" target=\"_blank\" rel=\"noreferrer noopener\"><img loading=\"lazy\" decoding=\"async\" width=\"1024\" height=\"1024\" src=\"https:\/\/seitattoostudio.com\/wp-content\/uploads\/2023\/08\/71Me49x9TyL-1024x1024.jpg\" alt=\"\" class=\"wp-image-488\" srcset=\"https:\/\/seitattoostudio.com\/wp-content\/uploads\/2023\/08\/71Me49x9TyL-1024x1024.jpg 1024w, https:\/\/seitattoostudio.com\/wp-content\/uploads\/2023\/08\/71Me49x9TyL-300x300.jpg 300w, https:\/\/seitattoostudio.com\/wp-content\/uploads\/2023\/08\/71Me49x9TyL-150x150.jpg 150w, https:\/\/seitattoostudio.com\/wp-content\/uploads\/2023\/08\/71Me49x9TyL-768x768.jpg 768w, https:\/\/seitattoostudio.com\/wp-content\/uploads\/2023\/08\/71Me49x9TyL-1140x1140.jpg 1140w, https:\/\/seitattoostudio.com\/wp-content\/uploads\/2023\/08\/71Me49x9TyL-75x75.jpg 75w, https:\/\/seitattoostudio.com\/wp-content\/uploads\/2023\/08\/71Me49x9TyL.jpg 1500w\" sizes=\"auto, (max-width: 1024px) 100vw, 1024px\" \/><\/a><figcaption class=\"wp-element-caption\">DERMAL\u0130ZE PRO<\/figcaption><\/figure>\n<\/div>\n\n\n<h3 class=\"wp-block-heading has-text-align-center\">D\u00f6vme Bak\u0131m Band\u0131n\u0131<u> hangi durumlarda 5. g\u00fcnden \u00f6nce \u00e7\u0131karmal\u0131s\u0131n\u0131z?<\/u><\/h3>\n\n\n\n<ul class=\"wp-block-list\">\n<li>D\u00f6vme b\u00f6lgesinde biriken s\u0131v\u0131lar d\u0131\u015far\u0131 s\u0131z\u0131nt\u0131 yaparsa<\/li>\n\n\n\n<li>D\u00f6vme bak\u0131m band\u0131n\u0131n d\u00f6vme a\u00e7\u0131lacak kadar \u00e7\u0131kt\u0131\u011f\u0131 durumlarda (d\u00f6vme b\u00f6lgesine varmadan kenarlar\u0131n\u0131n a\u00e7\u0131lmas\u0131nda sak\u0131nca yok)<\/li>\n\n\n\n<li>D\u00f6vme b\u00f6lgesinde \u00e7ok fazla s\u0131v\u0131 birikmesi durumunda (balon halini ald\u0131\u011f\u0131 durumlarda)<\/li>\n<\/ul>\n\n\n\n<p> ka\u00e7\u0131nc\u0131 g\u00fcn olursa olsun \u00e7\u0131kart\u0131n.<\/p>\n\n\n\n<h3 class=\"wp-block-heading has-text-align-center\">D\u00f6vme Bak\u0131m Band\u0131 erken \u00e7\u0131karsa ne yap\u0131lmal\u0131d\u0131r <strong>?<\/strong><\/h3>\n\n\n\n<ul class=\"wp-block-list\">\n<li>D\u00f6vme bak\u0131m band\u0131 erken \u00e7\u0131kar\u0131ld\u0131\u011f\u0131 durumda bak\u0131m s\u00fcrecine hemen ba\u015flay\u0131n.<\/li>\n\n\n\n<li>\u0130lk 3 g\u00fcn du\u015fa girmeyin<\/li>\n\n\n\n<li>\u0130lk 5 g\u00fcn temizli\u011fi i\u00e7me suyu ile yap\u0131n<\/li>\n\n\n\n<li>\u0130lk 5 g\u00fcn d\u00f6vmenin enfeksiyona en a\u00e7\u0131k oldu\u011fu g\u00fcnlerdir bu sebeple temizli\u011fe ekstra \u00f6zen g\u00f6sterin.<\/li>\n\n\n\n<li>Du\u015fa girilece\u011fi zaman d\u00f6vme b\u00f6lgesini kesinlikle \u00e7e\u015fme suyundan koruyun (su ge\u00e7memesi i\u00e7in kal\u0131n bir tabaka vazelin s\u00fcr\u00fclebilir veya su ge\u00e7meyecek \u015fekilde stre\u00e7 film ile sar\u0131p bantlanabilir).<\/li>\n\n\n\n<li>Du\u015f s\u00fcrelerini k\u0131sa tutun<\/li>\n\n\n\n<li>Il\u0131k su ile du\u015f al\u0131n<\/li>\n\n\n\n<li>Kesinlikle lif de\u011fdirmeyin.<\/li>\n\n\n\n<li>D\u00f6vme b\u00f6lgesi ile temas edecek kuma\u015flar\u0131n temiz olmas\u0131na \u00f6zen g\u00f6sterin<\/li>\n\n\n\n<li>D\u00f6vmeyi hava almas\u0131n\u0131 engelleyecek herhangi bir\u015fey ile sarmay\u0131n.<\/li>\n<\/ul>\n\n\n\n<h2 class=\"wp-block-heading has-text-align-center\"><strong><u>5. g<\/u><\/strong><strong><u>\u00fc<\/u><\/strong><strong><u>n<\/u><\/strong><\/h2>\n\n\n\n<p>Bug\u00fcn D\u00f6vme bak\u0131m band\u0131n\u0131 \u00e7\u0131kart\u0131n.<\/p>\n\n\n\n<h3 class=\"wp-block-heading has-text-align-left\"><strong><em>\u00a0\u00a0\u00a0\u00a0\u00a0\u00a0 D\u00f6vme bak\u0131m band\u0131 (Dermalize) nas\u0131l \u00e7\u0131kart\u0131l\u0131r?<\/em><\/strong><\/h3>\n\n\n\n<p>1. Ellerinizi y\u0131kay\u0131n<\/p>\n\n\n\n<p>2. D\u00f6vme bak\u0131m band\u0131 (Dermalize) \u0131l\u0131k i\u00e7me suyu yard\u0131m\u0131yla uygun bir kenar\u0131ndan tutarak <strong><u>yava\u015f\u00e7a<\/u><\/strong> \u00e7\u0131kart\u0131n.\u00a0 Aniden \u00e7\u0131karmak d\u00f6vmenize zarar verecektir.<\/p>\n\n\n\n<p>3. D\u00f6vme bak\u0131m band\u0131 \u00e7\u0131kar\u0131l\u0131rken bir miktar ac\u0131 hissedilmesi normaldir.&nbsp;&nbsp;&nbsp;&nbsp;&nbsp;&nbsp;&nbsp;&nbsp;&nbsp;&nbsp;&nbsp;&nbsp;&nbsp;&nbsp;&nbsp;&nbsp;&nbsp;&nbsp;&nbsp;&nbsp;&nbsp;&nbsp;&nbsp;&nbsp;&nbsp;&nbsp;&nbsp;&nbsp;&nbsp;&nbsp;&nbsp;&nbsp;&nbsp;&nbsp;&nbsp;&nbsp;&nbsp;&nbsp;&nbsp;&nbsp;&nbsp;&nbsp;&nbsp;&nbsp;&nbsp;&nbsp;&nbsp;&nbsp;&nbsp;&nbsp;&nbsp;&nbsp;&nbsp;&nbsp;&nbsp;&nbsp;&nbsp;&nbsp;&nbsp;&nbsp;&nbsp;&nbsp;&nbsp;&nbsp;&nbsp;&nbsp;&nbsp;&nbsp;&nbsp;&nbsp;<\/p>\n\n\n\n<ul class=\"wp-block-list\">\n<li>Antibakteriyel s\u0131v\u0131 sabun ve \u0131l\u0131k su yard\u0131m\u0131yla (Activex,Protex vb.) nazik\u00e7e ovalayarak temizleyin.<\/li>\n\n\n\n<li>Tek kullan\u0131ml\u0131k bir pe\u00e7ete yard\u0131m\u0131yla yumu\u015fak ve tampon hareketlerle kurulay\u0131n.<\/li>\n\n\n\n<li>\u00d6nerilen bak\u0131m kremini ince bir tabaka halinde uygulayarak nemlendirin.&nbsp;<strong>(KES\u0130NL\u0130KLE<\/strong> <strong>VAZEL\u0130N KULLANILMAMALI <\/strong>PETROL BAZLI HER KREM D\u00d6VMEN\u0130ZE ZARAR VERECEKT\u0130R !!!)<\/li>\n<\/ul>\n\n\n\n<h2 class=\"wp-block-heading has-text-align-center\"><strong><u>5-15. g\u00fcn<\/u><\/strong><\/h2>\n\n\n\n<p>&nbsp;&nbsp;&nbsp;&nbsp;&nbsp; D\u00f6vme bak\u0131m\u0131 2 a\u015famadan olu\u015fur;<\/p>\n\n\n\n<h4 class=\"wp-block-heading has-text-align-left\"><strong><em>&nbsp;&nbsp;&nbsp;&nbsp; &nbsp;1. D\u00f6vme Bak\u0131m\u0131nda &#8211; Temizlik<\/em><\/strong><\/h4>\n\n\n\n<ul class=\"wp-block-list\">\n<li>G\u00fcnde 3 defa antibakteriyel s\u0131v\u0131 sabun (Activex,Protex vb) ve \u0131l\u0131k su yard\u0131m\u0131yla nazik\u00e7e ovalayarak temizleyin,tek kullan\u0131ml\u0131k bir pe\u00e7ete yard\u0131m\u0131yla yumu\u015fak ve tampon hareketlerle kurulay\u0131n<\/li>\n\n\n\n<li>\u00c7ok toz,\u00e7amur vb kontaminasyon i\u00e7eren bir \u00e7al\u0131\u015fma ortam\u0131n\u0131z varsa daha s\u0131k temizleyin<\/li>\n\n\n\n<li>D\u00f6vmeyi temiz tutmak \u00e7ok \u00f6nemlidir. D\u00f6vme deride yara a\u00e7\u0131larak yap\u0131lan bir i\u015flemdir.Bu sebeple ayn\u0131 bir yara gibi iyile\u015fene kadar enfeksiyona a\u00e7\u0131kt\u0131r.D\u00f6vmeyi temiz tutmamak d\u00f6vmenin <strong>enfeksiyon kapmas\u0131na sebep olur.<\/strong><\/li>\n<\/ul>\n\n\n\n<h4 class=\"wp-block-heading\"><strong><em>&nbsp;&nbsp;&nbsp;&nbsp;&nbsp;&nbsp; 2.D\u00f6vme Bak\u0131m\u0131nda &#8211; Nemlendirme<\/em><\/strong><\/h4>\n\n\n\n<ul class=\"wp-block-list\">\n<li>\u00d6nerilen d\u00f6vme bak\u0131m kremini ince tabakalar halinde s\u00fcr\u00fcn, kuruduk\u00e7a yenileyin.<\/li>\n\n\n\n<li>D\u00f6vmeyi hi\u00e7 kuru b\u0131rakmay\u0131n. D\u00f6vmeyi kurutmak d\u00f6vmenin solmas\u0131na, atmas\u0131na ve k\u00f6t\u00fc iyile\u015fmesine sebep olur.Bu bak\u0131m s\u00fcrecine 15. g\u00fcne kadar devam edin. 15. g\u00fcnde d\u00f6vmede hala pullar mevcut ise pullar tamamen d\u00f6k\u00fcl\u00fcp p\u00fcr\u00fczs\u00fcz bir deri olu\u015fana kadar nemlendirme i\u015flemine devam edin.<\/li>\n<\/ul>\n\n\n\n<ul class=\"wp-block-list\">\n<li>D\u00f6vmeye dokunmadan \u00f6nce herzaman ellerinizi y\u0131kay\u0131n.<\/li>\n\n\n\n<li>D\u00f6vmeyi y\u0131kamak haricinde su de\u011fdirmeyiniz.( deniz,havuz vs.)<\/li>\n\n\n\n<li>Bir miktar k\u0131zar\u0131kl\u0131k ve ka\u015f\u0131nt\u0131 normaldir. D\u00f6vmenizi kesinlikle ka\u015f\u0131may\u0131n.<\/li>\n\n\n\n<li>D\u00f6vmeniz iyile\u015fme a\u015famas\u0131nda kabuklanacak ve d\u00f6k\u00fclececek. Bu olu\u015fan <strong><em><u>kabuklar\u0131 kesinlikle koparmay\u0131n.<\/u><\/em><\/strong><\/li>\n\n\n\n<li>Kabuklar\u0131n d\u00f6k\u00fclme s\u00fcrecinde d\u00f6vmede yamal\u0131 bir g\u00f6r\u00fcnt\u00fc olu\u015fabilir.B\u00fct\u00fcn kabuklar d\u00f6k\u00fcld\u00fc\u011f\u00fcnde g\u00f6r\u00fcnt\u00fc e\u015fitlenecektir.<\/li>\n\n\n\n<li>D\u00f6vmeyi g\u00fcne\u015ften koruyun.<\/li>\n\n\n\n<li>\u0130lk 5 g\u00fcn spor yapmay\u0131n.<\/li>\n\n\n\n<li>D\u00f6vme tamamen iyile\u015fene kadar du\u015fta lif de\u011fdirmeyin.<\/li>\n<\/ul>\n\n\n\n<ul class=\"wp-block-list\">\n<li>En az 4 hafta d\u00f6vme b\u00f6lgesinde jilet, a\u011fda ve epilasyon i\u015fleminden ka\u00e7\u0131n\u0131n.<\/li>\n<\/ul>\n\n\n\n<h1 class=\"wp-block-heading has-text-align-center\"><strong><u>15+ g<\/u><\/strong><strong><u>\u00fc<\/u><\/strong><strong><u>n<\/u><\/strong><\/h1>\n\n\n\n<ul class=\"wp-block-list\">\n<li>D\u00f6vme bak\u0131m s\u00fcreci sadece iyile\u015fme s\u00fcrecinden ibaret de\u011fildir. \u00d6m\u00fcr boyu d\u00f6vmenizin canl\u0131l\u0131\u011f\u0131n\u0131 korumas\u0131 i\u00e7in yapman\u0131z gereken \u015feylerde mevcut.<\/li>\n\n\n\n<li>D\u00f6vmenizi arada s\u0131rada nemlendirin.<\/li>\n\n\n\n<li>G\u00fcne\u015fe \u00e7\u0131kmadan \u00f6nce g\u00fcne\u015f kremi s\u00fcr\u00fcn.<\/li>\n\n\n\n<li>Solaryuma girmeden \u00f6nce d\u00f6vme b\u00f6lgesini kapat\u0131n.<\/li>\n\n\n\n<li>Bunlar d\u00f6vmenizin \u00f6mr\u00fcn\u00fc uzat\u0131p uzun y\u0131llar canl\u0131l\u0131\u011f\u0131n\u0131 korumas\u0131n\u0131 sa\u011flayacakt\u0131r.<\/li>\n<\/ul>\n\n\n\n<p><strong>Unutmay\u0131n d\u00f6vmenizin iyi sonu\u00e7 vermesinde d\u00f6vme i\u015flemi %70 iyi d\u00f6vme bak\u0131m<\/strong>\u0131<strong> %30 etkiler. G\u00fcle g\u00fcle ta\u015f\u0131man\u0131z dile\u011fiyle.<\/strong><\/p>\n\n\n\n<p><\/p>\n\n\n\n<p><\/p>\n\n\n\n<p><\/p>\n\n\n\n<p><\/p>\n\n\n\n<p> Akl\u0131n\u0131zdaki soru i\u015faretleri ve yapt\u0131rmak istedi\u011finiz modeller ile ilgili bizimle<a href=\"https:\/\/seitattoostudio.com\/index.php\/iletisim-bilgileri\/\" title=\"\"><mark style=\"background-color:rgba(0, 0, 0, 0)\" class=\"has-inline-color has-black-color\"> ileti\u015fime ge\u00e7ebilirsiniz<\/mark><\/a>.<\/p>\n\n\n\n<div class=\"forminator-guttenberg\"><div class=\"forminator-ui forminator-custom-form forminator-custom-form-168 forminator-design--default  forminator_ajax\" data-forminator-render=\"0\" data-form=\"forminator-module-168\" data-uid=\"6a08f992e9a63\"><br\/><\/div><form\n\t\t\t\tid=\"forminator-module-168\"\n\t\t\t\tclass=\"forminator-ui forminator-custom-form forminator-custom-form-168 forminator-design--default  forminator_ajax\"\n\t\t\t\tmethod=\"post\"\n\t\t\t\tdata-forminator-render=\"0\"\n\t\t\t\tdata-form-id=\"168\"\n\t\t\t\tenctype=\"multipart\/form-data\" data-color-option=\"default\" data-design=\"default\" data-grid=\"open\" style=\"display: none;\"\n\t\t\t\tdata-uid=\"6a08f992e9a63\"\n\t\t\t><div role=\"alert\" aria-live=\"polite\" class=\"forminator-response-message forminator-error\" aria-hidden=\"true\"><\/div><div class=\"forminator-row\"><div id=\"name-1\" class=\"forminator-field-name forminator-col forminator-col-12 \"><div class=\"forminator-row forminator-no-margin\" data-multiple=\"true\"><div class=\"forminator-col forminator-col-md-6\"><div class=\"forminator-field\"><label for=\"forminator-field-first-name-1_6a08f992e9a63\" id=\"forminator-field-first-name-1_6a08f992e9a63-label\" class=\"forminator-label\">Ad <span class=\"forminator-required\">*<\/span><\/label><input type=\"text\" name=\"name-1-first-name\" placeholder=\"\" id=\"forminator-field-first-name-1_6a08f992e9a63\" class=\"forminator-input\" aria-required=\"true\" data-multi=\"1\" autocomplete=\"given-name\" value=\"\" \/><\/div><\/div><div class=\"forminator-col forminator-col-md-6\"><div class=\"forminator-field\"><label for=\"forminator-field-last-name-1_6a08f992e9a63\" id=\"forminator-field-last-name-1_6a08f992e9a63-label\" class=\"forminator-label\">Soyad <span class=\"forminator-required\">*<\/span><\/label><input type=\"text\" name=\"name-1-last-name\" placeholder=\"\" id=\"forminator-field-last-name-1_6a08f992e9a63\" class=\"forminator-input\" aria-required=\"true\" data-multi=\"1\" autocomplete=\"family-name\" value=\"\" \/><\/div><\/div><\/div><\/div><\/div><div class=\"forminator-row\"><div id=\"email-1\" class=\"forminator-field-email forminator-col forminator-col-12 \"><div class=\"forminator-field\"><label for=\"forminator-field-email-1_6a08f992e9a63\" id=\"forminator-field-email-1_6a08f992e9a63-label\" class=\"forminator-label\">E-posta Adresi <span class=\"forminator-required\">*<\/span><\/label><input type=\"email\" name=\"email-1\" value=\"\" placeholder=\"\" id=\"forminator-field-email-1_6a08f992e9a63\" class=\"forminator-input forminator-email--field\" data-required=\"true\" aria-required=\"true\" autocomplete=\"email\" \/><\/div><\/div><\/div><div class=\"forminator-row\"><div id=\"phone-1\" class=\"forminator-field-phone forminator-col forminator-col-12 \"><div class=\"forminator-field\"><label for=\"forminator-field-phone-1_6a08f992e9a63\" id=\"forminator-field-phone-1_6a08f992e9a63-label\" class=\"forminator-label\">Telefon Numaras\u0131 <span class=\"forminator-required\">*<\/span><\/label><input type=\"text\" name=\"phone-1\" value=\"\" placeholder=\"\" id=\"forminator-field-phone-1_6a08f992e9a63\" class=\"forminator-input forminator-field--phone\" data-required=\"1\" aria-required=\"true\" autocomplete=\"off\" \/><\/div><\/div><\/div><div class=\"forminator-row\"><div id=\"textarea-1\" class=\"forminator-field-textarea forminator-col forminator-col-12 \"><div class=\"forminator-field\"><label for=\"forminator-field-textarea-1_6a08f992e9a63\" id=\"forminator-field-textarea-1_6a08f992e9a63-label\" class=\"forminator-label\">Mesaj<\/label><textarea name=\"textarea-1\" placeholder=\"Akl\u0131n\u0131zdaki tasar\u0131mlar\u0131 b\u00f6lge ve boyut belirterek bize iletirseniz daha h\u0131zl\u0131 yard\u0131mc\u0131  olabiliriz.\" id=\"forminator-field-textarea-1_6a08f992e9a63\" class=\"forminator-textarea\" rows=\"6\" style=\"min-height:140px;\" maxlength=\"180\" ><\/textarea><span id=\"forminator-field-textarea-1_6a08f992e9a63-description\" class=\"forminator-description\"><span data-limit=\"180\" data-type=\"characters\" data-editor=\"\">0 \/ 180<\/span><\/span><\/div><\/div><\/div><div class=\"forminator-row\"><div id=\"upload-1\" class=\"forminator-field-upload forminator-col forminator-col-12 \"><div class=\"forminator-field\"><label for=\"forminator-field-upload-1_6a08f992e9a63\" id=\"forminator-field-upload-1_6a08f992e9a63-label\" class=\"forminator-label\">Dosya y\u00fckle<\/label><div class=\"forminator-file-upload \" data-element=\"upload-1_6a08f992e9a63\" aria-describedby=\"forminator-field-upload-1_6a08f992e9a63-description\"><input type=\"file\" name=\"upload-1\" id=\"forminator-field-upload-1_6a08f992e9a63\" class=\"forminator-input-file\" accept=\".jpg,.jpeg,.jpe,.gif,.png,.bmp,.tiff,.tif,.webp,.ico,.heic,.asf,.asx,.wmv,.wmx,.wm,.avi,.divx,.flv,.mov,.qt,.mpeg,.mpg,.mpe,.mp4,.m4v,.ogv,.webm,.mkv,.3gp,.3gpp,.3g2,.3gp2,.txt,.asc,.c,.cc,.h,.srt,.csv,.tsv,.ics,.rtx,.vtt,.mp3,.m4a,.m4b,.aac,.ra,.ram,.wav,.ogg,.oga,.flac,.mid,.midi,.wma,.wax,.mka,.rtf,.pdf,.class,.tar,.zip,.gz,.gzip,.7z,.psd,.xcf,.doc,.pot,.pps,.ppt,.wri,.xla,.xls,.xlt,.xlw,.mdb,.mpp,.docx,.docm,.dotx,.dotm,.xlsx,.xlsm,.xlsb,.xltx,.xltm,.xlam,.pptx,.pptm,.ppsx,.ppsm,.potx,.potm,.ppam,.sldx,.sldm,.onetoc,.onetoc2,.onetmp,.onepkg,.oxps,.xps,.odt,.odp,.ods,.odg,.odc,.odb,.odf,.wp,.wpd,.key,.numbers,.pages\" tabindex=\"-1\"><button id=\"forminator-field-upload-1_6a08f992e9a63_button\" class=\"forminator-button forminator-button-upload\" data-id=\"forminator-field-upload-1_6a08f992e9a63\">Choose File<\/button><span data-empty-text=\"No file chosen\">No file chosen<\/span><button class=\"forminator-button-delete\" style=\"display: none;\"><i class=\"forminator-icon-close\" aria-hidden=\"true\"><\/i><span class=\"forminator-screen-reader-only\">Delete uploaded file<\/span><\/button><\/div><span id=\"forminator-field-upload-1_6a08f992e9a63-description\" class=\"forminator-description\">Referans d\u00f6vme g\u00f6rsellerini ekleyebilirsiniz.<\/span><\/div><\/div><\/div><input type=\"hidden\" name=\"referer_url\" value=\"\" \/><div class=\"forminator-row forminator-row-last\"><div class=\"forminator-col\"><div class=\"forminator-field\"><button class=\"forminator-button forminator-button-submit\">Mesaj G&ouml;nder<\/button><\/div><\/div><\/div><input type=\"hidden\" id=\"forminator_nonce\" name=\"forminator_nonce\" value=\"3d1cafccd7\" \/><input type=\"hidden\" name=\"_wp_http_referer\" value=\"\/index.php\/wp-json\/wp\/v2\/pages\/216\" \/><input type=\"hidden\" name=\"form_id\" value=\"168\"><input type=\"hidden\" name=\"page_id\" value=\"216\"><input type=\"hidden\" name=\"form_type\" value=\"default\"><input type=\"hidden\" name=\"current_url\" value=\"https:\/\/seitattoostudio.com\/index.php\/dovme-bakimi\/\"><input type=\"hidden\" name=\"render_id\" value=\"0\"><input type=\"hidden\" name=\"action\" value=\"forminator_submit_form_custom-forms\"><\/form><\/div>\n\n\n\n<p class=\"has-text-align-center\"><strong>Sude Erdem Ink<\/strong><\/p>\n","protected":false},"excerpt":{"rendered":"<p>D\u00f6vme Bak\u0131m\u0131 Nas\u0131l Yap\u0131l\u0131r ? Bu metinde d\u00f6vme bak\u0131m\u0131nda nelere dikkat etmeliyiz ? D\u00f6vme bak\u0131m s\u00fcrecinde hangi durumlarla kar\u015f\u0131la\u015faca\u011f\u0131z ? \u0130yile\u015fme a\u015famas\u0131ndaki d\u00f6vmelerimizde kabuklanmalar, d\u00f6k\u00fclmeler ve bozulmalar normal mi ? D\u00f6vme bak\u0131m s\u00fcrecinde ka\u015f\u0131nt\u0131, k\u0131zar\u0131kl\u0131k ve \u015fi\u015flik ne zaman ge\u00e7er ? Herhangi bir tehlikesi var m\u0131d\u0131r ? D\u00f6vme bak\u0131m s\u00fcrecindeyken spora ne zaman gidebilirim ? Yeni d\u00f6vme yapt\u0131rd\u0131m denize veya havuza gidebilir miyim ? D\u00f6vme bak\u0131m s\u00fcrecinde du\u015fa ne zaman girebilirim ? gibi soru i\u015faretlerinin cevaplar\u0131n\u0131 bulacaks\u0131n\u0131z. 1-5. g\u00fcn \u00a0\u00a0\u00a0\u00a0\u00a0\u00a0\u00a0D\u00f6vme Bak\u0131m Band\u0131 (Dermalize) nedir ? D\u00f6vme Bak\u0131m Band\u0131n\u0131 hangi durumlarda 5. g\u00fcnden \u00f6nce \u00e7\u0131karmal\u0131s\u0131n\u0131z? ka\u00e7\u0131nc\u0131 g\u00fcn olursa olsun \u00e7\u0131kart\u0131n. D\u00f6vme Bak\u0131m Band\u0131 erken \u00e7\u0131karsa ne yap\u0131lmal\u0131d\u0131r ? 5. g\u00fcn Bug\u00fcn D\u00f6vme bak\u0131m band\u0131n\u0131 \u00e7\u0131kart\u0131n. \u00a0\u00a0\u00a0\u00a0\u00a0\u00a0 D\u00f6vme bak\u0131m band\u0131 (Dermalize) nas\u0131l \u00e7\u0131kart\u0131l\u0131r? 1. Ellerinizi y\u0131kay\u0131n 2. D\u00f6vme bak\u0131m band\u0131 (Dermalize) \u0131l\u0131k i\u00e7me suyu yard\u0131m\u0131yla uygun bir kenar\u0131ndan tutarak yava\u015f\u00e7a \u00e7\u0131kart\u0131n.\u00a0 Aniden \u00e7\u0131karmak d\u00f6vmenize zarar verecektir. 3. D\u00f6vme bak\u0131m band\u0131 \u00e7\u0131kar\u0131l\u0131rken bir miktar ac\u0131 hissedilmesi normaldir.&nbsp;&nbsp;&nbsp;&nbsp;&nbsp;&nbsp;&nbsp;&nbsp;&nbsp;&nbsp;&nbsp;&nbsp;&nbsp;&nbsp;&nbsp;&nbsp;&nbsp;&nbsp;&nbsp;&nbsp;&nbsp;&nbsp;&nbsp;&nbsp;&nbsp;&nbsp;&nbsp;&nbsp;&nbsp;&nbsp;&nbsp;&nbsp;&nbsp;&nbsp;&nbsp;&nbsp;&nbsp;&nbsp;&nbsp;&nbsp;&nbsp;&nbsp;&nbsp;&nbsp;&nbsp;&nbsp;&nbsp;&nbsp;&nbsp;&nbsp;&nbsp;&nbsp;&nbsp;&nbsp;&nbsp;&nbsp;&nbsp;&nbsp;&nbsp;&nbsp;&nbsp;&nbsp;&nbsp;&nbsp;&nbsp;&nbsp;&nbsp;&nbsp;&nbsp;&nbsp; 5-15. g\u00fcn &nbsp;&nbsp;&nbsp;&nbsp;&nbsp; D\u00f6vme bak\u0131m\u0131 2 a\u015famadan olu\u015fur; &nbsp;&nbsp;&nbsp;&nbsp; &nbsp;1. D\u00f6vme Bak\u0131m\u0131nda &#8211; Temizlik &nbsp;&nbsp;&nbsp;&nbsp;&nbsp;&nbsp; 2.D\u00f6vme Bak\u0131m\u0131nda &#8211; Nemlendirme 15+ g\u00fcn Unutmay\u0131n d\u00f6vmenizin iyi sonu\u00e7 vermesinde d\u00f6vme i\u015flemi %70 iyi d\u00f6vme bak\u0131m\u0131 %30 etkiler. G\u00fcle g\u00fcle ta\u015f\u0131man\u0131z dile\u011fiyle. Akl\u0131n\u0131zdaki soru i\u015faretleri ve yapt\u0131rmak istedi\u011finiz modeller ile ilgili bizimle ileti\u015fime ge\u00e7ebilirsiniz. Sude Erdem Ink<\/p>\n","protected":false},"author":1,"featured_media":0,"parent":0,"menu_order":6,"comment_status":"closed","ping_status":"closed","template":"","meta":{"ngg_post_thumbnail":0,"footnotes":""},"class_list":["post-216","page","type-page","status-publish","hentry"],"_links":{"self":[{"href":"https:\/\/seitattoostudio.com\/index.php\/wp-json\/wp\/v2\/pages\/216","targetHints":{"allow":["GET"]}}],"collection":[{"href":"https:\/\/seitattoostudio.com\/index.php\/wp-json\/wp\/v2\/pages"}],"about":[{"href":"https:\/\/seitattoostudio.com\/index.php\/wp-json\/wp\/v2\/types\/page"}],"author":[{"embeddable":true,"href":"https:\/\/seitattoostudio.com\/index.php\/wp-json\/wp\/v2\/users\/1"}],"replies":[{"embeddable":true,"href":"https:\/\/seitattoostudio.com\/index.php\/wp-json\/wp\/v2\/comments?post=216"}],"version-history":[{"count":4,"href":"https:\/\/seitattoostudio.com\/index.php\/wp-json\/wp\/v2\/pages\/216\/revisions"}],"predecessor-version":[{"id":490,"href":"https:\/\/seitattoostudio.com\/index.php\/wp-json\/wp\/v2\/pages\/216\/revisions\/490"}],"wp:attachment":[{"href":"https:\/\/seitattoostudio.com\/index.php\/wp-json\/wp\/v2\/media?parent=216"}],"curies":[{"name":"wp","href":"https:\/\/api.w.org\/{rel}","templated":true}]}}