{"id":205,"date":"2023-06-13T07:54:30","date_gmt":"2023-06-13T04:54:30","guid":{"rendered":"https:\/\/seitattoostudio.com\/?page_id=205"},"modified":"2023-11-13T21:04:47","modified_gmt":"2023-11-13T18:04:47","slug":"ekip-arkadaslari-ariyoruz","status":"publish","type":"page","link":"https:\/\/seitattoostudio.com\/index.php\/ekip-arkadaslari-ariyoruz\/","title":{"rendered":"Ekip Arkada\u015flar\u0131 Ar\u0131yoruz !"},"content":{"rendered":"<div class=\"wp-block-image\">\n<figure class=\"aligncenter size-full\"><a href=\"https:\/\/www.instagram.com\/seitattoostudio\/\" target=\"_blank\" rel=\"noreferrer noopener\"><img loading=\"lazy\" decoding=\"async\" width=\"351\" height=\"628\" src=\"https:\/\/seitattoostudio.com\/wp-content\/uploads\/2023\/06\/ekiparkadaslariariyoruz.png\" alt=\"\" class=\"wp-image-209\" srcset=\"https:\/\/seitattoostudio.com\/wp-content\/uploads\/2023\/06\/ekiparkadaslariariyoruz.png 351w, https:\/\/seitattoostudio.com\/wp-content\/uploads\/2023\/06\/ekiparkadaslariariyoruz-168x300.png 168w\" sizes=\"auto, (max-width: 351px) 100vw, 351px\" \/><\/a><\/figure>\n<\/div>\n\n\n<p> <strong><a title=\"\" href=\"https:\/\/seitattoostudio.com\/\"><mark style=\"background-color:rgba(0, 0, 0, 0)\" class=\"has-inline-color has-black-color\">Sei Tattoo Studio<\/mark><\/a><\/strong> b\u00fcnyesinde bulunmak isteyen <strong>ekip arkada\u015flar\u0131 ar\u0131yoruz!<\/strong> Ba\u015fvuru i\u00e7in CV niz ile beraber portf\u00f6y\u00fcn\u00fcz\u00fc inceleyebilece\u011fimiz bir instagram adresi veya \u00e7al\u0131\u015fmalar\u0131n\u0131z\u0131 direkt olarak g\u00f6nderebilirsiniz. A\u015fa\u011f\u0131daki ba\u015fvuru formunu doldurabilir yada <a title=\"\" href=\"mailto:info@seitattoostudio.com\" target=\"_blank\" rel=\"noopener nofollow\"><strong>info@seitattoostudio.com<\/strong><\/a> adresine bilgilerinizi mail atabilirsiniz.<\/p>\n\n\n\n<h2 class=\"wp-block-heading has-text-align-center\">Ba\u015fvuru Formu<\/h2>\n\n\n\n<div class=\"forminator-guttenberg\"><div class=\"forminator-ui forminator-custom-form forminator-custom-form-212 forminator-design--default  forminator_ajax\" data-forminator-render=\"0\" data-form=\"forminator-module-212\" data-uid=\"69f2ed0ed6f9b\"><br\/><\/div><form\n\t\t\t\tid=\"forminator-module-212\"\n\t\t\t\tclass=\"forminator-ui forminator-custom-form forminator-custom-form-212 forminator-design--default  forminator_ajax\"\n\t\t\t\tmethod=\"post\"\n\t\t\t\tdata-forminator-render=\"0\"\n\t\t\t\tdata-form-id=\"212\"\n\t\t\t\tenctype=\"multipart\/form-data\" data-color-option=\"default\" data-design=\"default\" data-grid=\"open\" style=\"display: none;\"\n\t\t\t\tdata-uid=\"69f2ed0ed6f9b\"\n\t\t\t><div role=\"alert\" aria-live=\"polite\" class=\"forminator-response-message forminator-error\" aria-hidden=\"true\"><\/div><div class=\"forminator-row\"><div id=\"name-1\" class=\"forminator-field-name forminator-col forminator-col-12 \"><div class=\"forminator-row forminator-no-margin\" data-multiple=\"true\"><div class=\"forminator-col forminator-col-md-6\"><div class=\"forminator-field\"><label for=\"forminator-field-first-name-1_69f2ed0ed6f9b\" id=\"forminator-field-first-name-1_69f2ed0ed6f9b-label\" class=\"forminator-label\">\u0130lk Ad <span class=\"forminator-required\">*<\/span><\/label><input type=\"text\" name=\"name-1-first-name\" placeholder=\"\" id=\"forminator-field-first-name-1_69f2ed0ed6f9b\" class=\"forminator-input\" aria-required=\"true\" data-multi=\"1\" autocomplete=\"given-name\" value=\"\" \/><\/div><\/div><div class=\"forminator-col forminator-col-md-6\"><div class=\"forminator-field\"><label for=\"forminator-field-last-name-1_69f2ed0ed6f9b\" id=\"forminator-field-last-name-1_69f2ed0ed6f9b-label\" class=\"forminator-label\">Soyad <span class=\"forminator-required\">*<\/span><\/label><input type=\"text\" name=\"name-1-last-name\" placeholder=\"\" id=\"forminator-field-last-name-1_69f2ed0ed6f9b\" class=\"forminator-input\" aria-required=\"true\" data-multi=\"1\" autocomplete=\"family-name\" value=\"\" \/><\/div><\/div><\/div><\/div><\/div><div class=\"forminator-row\"><div id=\"email-1\" class=\"forminator-field-email forminator-col forminator-col-12 \"><div class=\"forminator-field\"><label for=\"forminator-field-email-1_69f2ed0ed6f9b\" id=\"forminator-field-email-1_69f2ed0ed6f9b-label\" class=\"forminator-label\">E-posta Adresi <span class=\"forminator-required\">*<\/span><\/label><input type=\"email\" name=\"email-1\" value=\"\" placeholder=\"\" id=\"forminator-field-email-1_69f2ed0ed6f9b\" class=\"forminator-input forminator-email--field\" data-required=\"true\" aria-required=\"true\" autocomplete=\"email\" \/><\/div><\/div><\/div><div class=\"forminator-row\"><div id=\"phone-1\" class=\"forminator-field-phone forminator-col forminator-col-12 \"><div class=\"forminator-field\"><label for=\"forminator-field-phone-1_69f2ed0ed6f9b\" id=\"forminator-field-phone-1_69f2ed0ed6f9b-label\" class=\"forminator-label\">Telefon Numaras\u0131 <span class=\"forminator-required\">*<\/span><\/label><input type=\"text\" name=\"phone-1\" value=\"\" placeholder=\"\" id=\"forminator-field-phone-1_69f2ed0ed6f9b\" class=\"forminator-input forminator-field--phone\" data-required=\"1\" aria-required=\"true\" autocomplete=\"off\" data-validation=\"1\" \/><\/div><\/div><\/div><div class=\"forminator-row\"><div id=\"textarea-1\" class=\"forminator-field-textarea forminator-col forminator-col-12 \"><div class=\"forminator-field\"><label for=\"forminator-field-textarea-1_69f2ed0ed6f9b\" id=\"forminator-field-textarea-1_69f2ed0ed6f9b-label\" class=\"forminator-label\">Asistan \/ Ekip Arkada\u015f\u0131 Ba\u015fvuru Formu<\/label><textarea name=\"textarea-1\" placeholder=\"Hangi pozisyon i\u00e7in ba\u015fvurdu\u011funuzu belirtiniz.\" id=\"forminator-field-textarea-1_69f2ed0ed6f9b\" class=\"forminator-textarea\" rows=\"6\" style=\"min-height:140px;\" ><\/textarea><\/div><\/div><\/div><div class=\"forminator-row\"><div id=\"upload-1\" class=\"forminator-field-upload forminator-col forminator-col-12 \"><div class=\"forminator-field\"><label for=\"forminator-field-upload-1_69f2ed0ed6f9b\" id=\"forminator-field-upload-1_69f2ed0ed6f9b-label\" class=\"forminator-label\">Dosya y\u00fckle<\/label><div class=\"forminator-multi-upload \" data-element=\"upload-1_69f2ed0ed6f9b\"><input type=\"file\" name=\"upload-1[]\" id=\"forminator-field-upload-1_69f2ed0ed6f9b\" class=\"forminator-input-file forminator-field-upload-1_69f2ed0ed6f9b-212\" multiple=\"multiple\" data-method=\"ajax\" accept=\".jpg,.jpeg,.jpe,.gif,.png,.bmp,.tiff,.tif,.webp,.ico,.heic,.asf,.asx,.wmv,.wmx,.wm,.avi,.divx,.flv,.mov,.qt,.mpeg,.mpg,.mpe,.mp4,.m4v,.ogv,.webm,.mkv,.3gp,.3gpp,.3g2,.3gp2,.txt,.asc,.c,.cc,.h,.srt,.csv,.tsv,.ics,.rtx,.vtt,.mp3,.m4a,.m4b,.aac,.ra,.ram,.wav,.ogg,.oga,.flac,.mid,.midi,.wma,.wax,.mka,.rtf,.pdf,.class,.tar,.zip,.gz,.gzip,.7z,.psd,.xcf,.doc,.pot,.pps,.ppt,.wri,.xla,.xls,.xlt,.xlw,.mdb,.mpp,.docx,.docm,.dotx,.dotm,.xlsx,.xlsm,.xlsb,.xltx,.xltm,.xlam,.pptx,.pptm,.ppsx,.ppsm,.potx,.potm,.ppam,.sldx,.sldm,.onetoc,.onetoc2,.onetmp,.onepkg,.oxps,.xps,.odt,.odp,.ods,.odg,.odc,.odb,.odf,.wp,.wpd,.key,.numbers,.pages\" data-size=\"50000000\" data-size-message=\"Maximum file size allowed is 50 MB. \" data-filetype=\"jpg|jpeg|jpe|gif|png|bmp|tiff|tif|webp|ico|heic|asf|asx|wmv|wmx|wm|avi|divx|flv|mov|qt|mpeg|mpg|mpe|mp4|m4v|ogv|webm|mkv|3gp|3gpp|3g2|3gp2|txt|asc|c|cc|h|srt|csv|tsv|ics|rtx|vtt|mp3|m4a|m4b|aac|ra|ram|wav|ogg|oga|flac|mid|midi|wma|wax|mka|rtf|pdf|class|tar|zip|gz|gzip|7z|psd|xcf|doc|pot|pps|ppt|wri|xla|xls|xlt|xlw|mdb|mpp|docx|docm|dotx|dotm|xlsx|xlsm|xlsb|xltx|xltm|xlam|pptx|pptm|ppsx|ppsm|potx|potm|ppam|sldx|sldm|onetoc|onetoc2|onetmp|onepkg|oxps|xps|odt|odp|ods|odg|odc|odb|odf|wp|wpd|key|numbers|pages\" data-filetype-message=\"file extension is not allowed.\"><div class=\"forminator-multi-upload-message\" aria-hidden=\"true\"><span class=\"forminator-icon-upload\" aria-hidden=\"true\"><\/span><p>Drag and Drop (or) <a class=\"forminator-upload-file--forminator-field-upload-1_69f2ed0ed6f9b\" href=\"#\" onclick=\"return false;\">Choose Files<\/a><\/p><\/div><\/div><ul class=\"forminator-uploaded-files upload-container-upload-1_69f2ed0ed6f9b\"><\/ul><\/div><\/div><\/div><input type=\"hidden\" name=\"referer_url\" value=\"\" \/><div class=\"forminator-row forminator-row-last\"><div class=\"forminator-col\"><div class=\"forminator-field\"><button class=\"forminator-button forminator-button-submit\">Ba\u015fvur<\/button><\/div><\/div><\/div><input type=\"hidden\" id=\"forminator_nonce\" name=\"forminator_nonce\" value=\"62a61355dd\" \/><input type=\"hidden\" name=\"_wp_http_referer\" value=\"\/index.php\/wp-json\/wp\/v2\/pages\/205\" \/><input type=\"hidden\" name=\"form_id\" value=\"212\"><input type=\"hidden\" name=\"page_id\" value=\"205\"><input type=\"hidden\" name=\"form_type\" value=\"default\"><input type=\"hidden\" name=\"current_url\" value=\"https:\/\/seitattoostudio.com\/index.php\/ekip-arkadaslari-ariyoruz\/\"><input type=\"hidden\" name=\"render_id\" value=\"0\"><input type=\"hidden\" name=\"forminator-multifile-hidden\" class=\"forminator-multifile-hidden\"><input type=\"hidden\" name=\"action\" value=\"forminator_submit_form_custom-forms\"><\/form><\/div>\n","protected":false},"excerpt":{"rendered":"<p>Sei Tattoo Studio b\u00fcnyesinde bulunmak isteyen ekip arkada\u015flar\u0131 ar\u0131yoruz! Ba\u015fvuru i\u00e7in CV niz ile beraber portf\u00f6y\u00fcn\u00fcz\u00fc inceleyebilece\u011fimiz bir instagram adresi veya \u00e7al\u0131\u015fmalar\u0131n\u0131z\u0131 direkt olarak g\u00f6nderebilirsiniz. A\u015fa\u011f\u0131daki ba\u015fvuru formunu doldurabilir yada info@seitattoostudio.com adresine bilgilerinizi mail atabilirsiniz. Ba\u015fvuru Formu<\/p>\n","protected":false},"author":1,"featured_media":0,"parent":0,"menu_order":10,"comment_status":"closed","ping_status":"closed","template":"","meta":{"ngg_post_thumbnail":0,"footnotes":""},"class_list":["post-205","page","type-page","status-publish","hentry"],"_links":{"self":[{"href":"https:\/\/seitattoostudio.com\/index.php\/wp-json\/wp\/v2\/pages\/205","targetHints":{"allow":["GET"]}}],"collection":[{"href":"https:\/\/seitattoostudio.com\/index.php\/wp-json\/wp\/v2\/pages"}],"about":[{"href":"https:\/\/seitattoostudio.com\/index.php\/wp-json\/wp\/v2\/types\/page"}],"author":[{"embeddable":true,"href":"https:\/\/seitattoostudio.com\/index.php\/wp-json\/wp\/v2\/users\/1"}],"replies":[{"embeddable":true,"href":"https:\/\/seitattoostudio.com\/index.php\/wp-json\/wp\/v2\/comments?post=205"}],"version-history":[{"count":7,"href":"https:\/\/seitattoostudio.com\/index.php\/wp-json\/wp\/v2\/pages\/205\/revisions"}],"predecessor-version":[{"id":665,"href":"https:\/\/seitattoostudio.com\/index.php\/wp-json\/wp\/v2\/pages\/205\/revisions\/665"}],"wp:attachment":[{"href":"https:\/\/seitattoostudio.com\/index.php\/wp-json\/wp\/v2\/media?parent=205"}],"curies":[{"name":"wp","href":"https:\/\/api.w.org\/{rel}","templated":true}]}}