{"id":111,"date":"2023-06-11T00:51:05","date_gmt":"2023-06-10T21:51:05","guid":{"rendered":"https:\/\/seitattoostudio.com\/?page_id=111"},"modified":"2025-12-09T13:28:52","modified_gmt":"2025-12-09T10:28:52","slug":"sanatcilarimiz","status":"publish","type":"page","link":"https:\/\/seitattoostudio.com\/","title":{"rendered":"Sanat\u00e7\u0131lar\u0131m\u0131z"},"content":{"rendered":"<div class=\"wp-block-image\">\n<figure class=\"aligncenter size-large\"><a href=\"https:\/\/seitattoostudio.com\/index.php\/sude-erdem-ink\/\" target=\"_blank\" rel=\"noreferrer noopener\"><img loading=\"lazy\" decoding=\"async\" width=\"1024\" height=\"577\" src=\"https:\/\/seitattoostudio.com\/wp-content\/uploads\/2024\/03\/Ginger-Sunny-Just-Living-Photo-Collage-Facebook-Cover-1024x577.png\" alt=\"\" class=\"wp-image-695\" srcset=\"https:\/\/seitattoostudio.com\/wp-content\/uploads\/2024\/03\/Ginger-Sunny-Just-Living-Photo-Collage-Facebook-Cover-1024x577.png 1024w, https:\/\/seitattoostudio.com\/wp-content\/uploads\/2024\/03\/Ginger-Sunny-Just-Living-Photo-Collage-Facebook-Cover-300x169.png 300w, https:\/\/seitattoostudio.com\/wp-content\/uploads\/2024\/03\/Ginger-Sunny-Just-Living-Photo-Collage-Facebook-Cover-768x433.png 768w, https:\/\/seitattoostudio.com\/wp-content\/uploads\/2024\/03\/Ginger-Sunny-Just-Living-Photo-Collage-Facebook-Cover-1536x865.png 1536w, https:\/\/seitattoostudio.com\/wp-content\/uploads\/2024\/03\/Ginger-Sunny-Just-Living-Photo-Collage-Facebook-Cover-1140x642.png 1140w, https:\/\/seitattoostudio.com\/wp-content\/uploads\/2024\/03\/Ginger-Sunny-Just-Living-Photo-Collage-Facebook-Cover.png 1640w\" sizes=\"auto, (max-width: 1024px) 100vw, 1024px\" \/><\/a><\/figure>\n<\/div>\n\n\n<p><\/p>\n\n\n\n<p>Coverup &#8211; Black &amp; Grey &#8211; Color &#8211; Realism &#8211; Micro Realism <\/p>\n\n\n\n<p style=\"text-transform:lowercase\">(\u00c7al\u0131\u015fmalara g\u00f6z atmak i\u00e7in <strong><a href=\"https:\/\/seitattoostudio.com\/index.php\/sude-erdem-ink\/\" target=\"_blank\" rel=\"noreferrer noopener\">buraya t\u0131klay\u0131n\u0131z<\/a><\/strong> )<\/p>\n\n\n\n<figure class=\"wp-block-image size-large\"><a href=\"https:\/\/seitattoostudio.com\/index.php\/irem-esra-gokalp\/\" target=\"_blank\" rel=\" noreferrer noopener\"><img loading=\"lazy\" decoding=\"async\" width=\"1024\" height=\"577\" src=\"https:\/\/seitattoostudio.com\/wp-content\/uploads\/2025\/09\/Ginger-Sunny-Just-Living-Photo-Collage-Facebook-Cover-Kopyasi-1024x577.png\" alt=\"\" class=\"wp-image-977\" srcset=\"https:\/\/seitattoostudio.com\/wp-content\/uploads\/2025\/09\/Ginger-Sunny-Just-Living-Photo-Collage-Facebook-Cover-Kopyasi-1024x577.png 1024w, https:\/\/seitattoostudio.com\/wp-content\/uploads\/2025\/09\/Ginger-Sunny-Just-Living-Photo-Collage-Facebook-Cover-Kopyasi-300x169.png 300w, https:\/\/seitattoostudio.com\/wp-content\/uploads\/2025\/09\/Ginger-Sunny-Just-Living-Photo-Collage-Facebook-Cover-Kopyasi-768x433.png 768w, https:\/\/seitattoostudio.com\/wp-content\/uploads\/2025\/09\/Ginger-Sunny-Just-Living-Photo-Collage-Facebook-Cover-Kopyasi-1536x865.png 1536w, https:\/\/seitattoostudio.com\/wp-content\/uploads\/2025\/09\/Ginger-Sunny-Just-Living-Photo-Collage-Facebook-Cover-Kopyasi-1140x642.png 1140w, https:\/\/seitattoostudio.com\/wp-content\/uploads\/2025\/09\/Ginger-Sunny-Just-Living-Photo-Collage-Facebook-Cover-Kopyasi.png 1640w\" sizes=\"auto, (max-width: 1024px) 100vw, 1024px\" \/><\/a><\/figure>\n\n\n\n<p>Minimal &#8211; Micro Realism &#8211; Dotwork &#8211; Realism &#8211; Color<\/p>\n\n\n\n<p>(\u00c7al\u0131\u015fmalara g\u00f6z atmak i\u00e7in <strong><a href=\"https:\/\/seitattoostudio.com\/index.php\/irem-esra-gokalp\/\">buraya t\u0131klay\u0131n\u0131z<\/a><\/strong> )<\/p>\n\n\n\n<figure class=\"wp-block-image size-large\"><a href=\"https:\/\/seitattoostudio.com\/index.php\/cihan-ozturk\/\" target=\"_blank\" rel=\" noreferrer noopener\"><img loading=\"lazy\" decoding=\"async\" width=\"1024\" height=\"577\" src=\"https:\/\/seitattoostudio.com\/wp-content\/uploads\/2025\/10\/Ginger-Sunny-Just-Living-Photo-Collage-Facebook-Cover-Kopyasi-1024x577.jpg\" alt=\"\" class=\"wp-image-1015\" srcset=\"https:\/\/seitattoostudio.com\/wp-content\/uploads\/2025\/10\/Ginger-Sunny-Just-Living-Photo-Collage-Facebook-Cover-Kopyasi-1024x577.jpg 1024w, https:\/\/seitattoostudio.com\/wp-content\/uploads\/2025\/10\/Ginger-Sunny-Just-Living-Photo-Collage-Facebook-Cover-Kopyasi-300x169.jpg 300w, https:\/\/seitattoostudio.com\/wp-content\/uploads\/2025\/10\/Ginger-Sunny-Just-Living-Photo-Collage-Facebook-Cover-Kopyasi-768x433.jpg 768w, https:\/\/seitattoostudio.com\/wp-content\/uploads\/2025\/10\/Ginger-Sunny-Just-Living-Photo-Collage-Facebook-Cover-Kopyasi-1536x865.jpg 1536w, https:\/\/seitattoostudio.com\/wp-content\/uploads\/2025\/10\/Ginger-Sunny-Just-Living-Photo-Collage-Facebook-Cover-Kopyasi-1140x642.jpg 1140w, https:\/\/seitattoostudio.com\/wp-content\/uploads\/2025\/10\/Ginger-Sunny-Just-Living-Photo-Collage-Facebook-Cover-Kopyasi.jpg 1640w\" sizes=\"auto, (max-width: 1024px) 100vw, 1024px\" \/><\/a><\/figure>\n\n\n\n<p>Minimal &#8211; Micro Realism &#8211; Dotwork &#8211; Realism <\/p>\n\n\n\n<p>(\u00c7al\u0131\u015fmalara g\u00f6z atmak i\u00e7in <strong><a href=\"https:\/\/seitattoostudio.com\/index.php\/cihan-ozturk\/\" target=\"_blank\" rel=\"noreferrer noopener\">buraya t\u0131klay\u0131n\u0131z<\/a><\/strong> )<\/p>\n\n\n\n<figure class=\"wp-block-image size-large\"><a href=\"https:\/\/seitattoostudio.com\/index.php\/yuksel-kurutan\/\" target=\"_blank\" rel=\" noreferrer noopener\"><img loading=\"lazy\" decoding=\"async\" width=\"1024\" height=\"577\" src=\"https:\/\/seitattoostudio.com\/wp-content\/uploads\/2025\/10\/Ginger-Sunny-Just-Living-Photo-Collage-Facebook-Cover-Kopyasi-1-1024x577.jpg\" alt=\"\" class=\"wp-image-1096\" srcset=\"https:\/\/seitattoostudio.com\/wp-content\/uploads\/2025\/10\/Ginger-Sunny-Just-Living-Photo-Collage-Facebook-Cover-Kopyasi-1-1024x577.jpg 1024w, https:\/\/seitattoostudio.com\/wp-content\/uploads\/2025\/10\/Ginger-Sunny-Just-Living-Photo-Collage-Facebook-Cover-Kopyasi-1-300x169.jpg 300w, https:\/\/seitattoostudio.com\/wp-content\/uploads\/2025\/10\/Ginger-Sunny-Just-Living-Photo-Collage-Facebook-Cover-Kopyasi-1-768x433.jpg 768w, https:\/\/seitattoostudio.com\/wp-content\/uploads\/2025\/10\/Ginger-Sunny-Just-Living-Photo-Collage-Facebook-Cover-Kopyasi-1-1536x865.jpg 1536w, https:\/\/seitattoostudio.com\/wp-content\/uploads\/2025\/10\/Ginger-Sunny-Just-Living-Photo-Collage-Facebook-Cover-Kopyasi-1-1140x642.jpg 1140w, https:\/\/seitattoostudio.com\/wp-content\/uploads\/2025\/10\/Ginger-Sunny-Just-Living-Photo-Collage-Facebook-Cover-Kopyasi-1.jpg 1640w\" sizes=\"auto, (max-width: 1024px) 100vw, 1024px\" \/><\/a><\/figure>\n\n\n\n<p>Minimal &#8211; Micro Realism &#8211; Dotwork &#8211; Graphic Realism <\/p>\n\n\n\n<p>(\u00c7al\u0131\u015fmalara g\u00f6z atmak i\u00e7in <strong><a href=\"https:\/\/seitattoostudio.com\/index.php\/yuksel-kurutan\/\">buraya t\u0131klay\u0131n\u0131z<\/a><\/strong> )<\/p>\n\n\n\n<figure class=\"wp-block-image size-large is-resized\"><a href=\"https:\/\/seitattoostudio.com\/index.php\/sudekan-tanir\/\" target=\"_blank\" rel=\"noreferrer noopener\"><img loading=\"lazy\" decoding=\"async\" width=\"1024\" height=\"577\" src=\"https:\/\/seitattoostudio.com\/wp-content\/uploads\/2023\/10\/Ginger-Sunny-Just-Living-Photo-Collage-Facebook-Cover-Kopyasi-2-1024x577.png\" alt=\"\" class=\"wp-image-597\" style=\"aspect-ratio:1.7746967071057191;width:1049px;height:auto\" srcset=\"https:\/\/seitattoostudio.com\/wp-content\/uploads\/2023\/10\/Ginger-Sunny-Just-Living-Photo-Collage-Facebook-Cover-Kopyasi-2-1024x577.png 1024w, https:\/\/seitattoostudio.com\/wp-content\/uploads\/2023\/10\/Ginger-Sunny-Just-Living-Photo-Collage-Facebook-Cover-Kopyasi-2-300x169.png 300w, https:\/\/seitattoostudio.com\/wp-content\/uploads\/2023\/10\/Ginger-Sunny-Just-Living-Photo-Collage-Facebook-Cover-Kopyasi-2-768x433.png 768w, https:\/\/seitattoostudio.com\/wp-content\/uploads\/2023\/10\/Ginger-Sunny-Just-Living-Photo-Collage-Facebook-Cover-Kopyasi-2-1536x865.png 1536w, https:\/\/seitattoostudio.com\/wp-content\/uploads\/2023\/10\/Ginger-Sunny-Just-Living-Photo-Collage-Facebook-Cover-Kopyasi-2-1140x642.png 1140w, https:\/\/seitattoostudio.com\/wp-content\/uploads\/2023\/10\/Ginger-Sunny-Just-Living-Photo-Collage-Facebook-Cover-Kopyasi-2.png 1640w\" sizes=\"auto, (max-width: 1024px) 100vw, 1024px\" \/><\/a><\/figure>\n\n\n\n<p>Micro Realism &#8211; Color -Anime &#8211; Game<\/p>\n\n\n\n<p>(\u00c7al\u0131\u015fmalara g\u00f6z atmak i\u00e7in <strong><a href=\"https:\/\/seitattoostudio.com\/index.php\/sudekan-tanir\/\" target=\"_blank\" rel=\"noopener\" title=\"\">buraya t\u0131klay\u0131n\u0131z<\/a><\/strong>)<\/p>\n\n\n\n<figure class=\"wp-block-image size-large\"><a href=\"https:\/\/seitattoostudio.com\/index.php\/eskisehir-dovme-egitimi\/\" target=\"_blank\" rel=\"noreferrer noopener\"><img loading=\"lazy\" decoding=\"async\" width=\"1024\" height=\"577\" src=\"https:\/\/seitattoostudio.com\/wp-content\/uploads\/2024\/11\/Ginger-Sunny-Just-Living-Photo-Collage-Facebook-Cover-Kopyasi-1024x577.png\" alt=\"\" class=\"wp-image-854\" srcset=\"https:\/\/seitattoostudio.com\/wp-content\/uploads\/2024\/11\/Ginger-Sunny-Just-Living-Photo-Collage-Facebook-Cover-Kopyasi-1024x577.png 1024w, https:\/\/seitattoostudio.com\/wp-content\/uploads\/2024\/11\/Ginger-Sunny-Just-Living-Photo-Collage-Facebook-Cover-Kopyasi-300x169.png 300w, https:\/\/seitattoostudio.com\/wp-content\/uploads\/2024\/11\/Ginger-Sunny-Just-Living-Photo-Collage-Facebook-Cover-Kopyasi-768x433.png 768w, https:\/\/seitattoostudio.com\/wp-content\/uploads\/2024\/11\/Ginger-Sunny-Just-Living-Photo-Collage-Facebook-Cover-Kopyasi-1536x865.png 1536w, https:\/\/seitattoostudio.com\/wp-content\/uploads\/2024\/11\/Ginger-Sunny-Just-Living-Photo-Collage-Facebook-Cover-Kopyasi-1140x642.png 1140w, https:\/\/seitattoostudio.com\/wp-content\/uploads\/2024\/11\/Ginger-Sunny-Just-Living-Photo-Collage-Facebook-Cover-Kopyasi.png 1640w\" sizes=\"auto, (max-width: 1024px) 100vw, 1024px\" \/><\/a><\/figure>\n\n\n\n<p>T\u00fcrkiye&#8217;deki ilk ve en b\u00fcy\u00fck d\u00f6vme okulu INKAKADEM\u0130 art\u0131k Eski\u015fehir Sei Tattoo Studio&#8217;da. Eski\u015fehir d\u00f6vme e\u011fitim program\u0131m\u0131z hakk\u0131nda detayl\u0131 bilgi i\u00e7in <a href=\"https:\/\/seitattoostudio.com\/index.php\/eskisehir-dovme-egitimi\/\">buraya t\u0131klay\u0131n\u0131z.<\/a><\/p>\n\n\n<div class=\"epyt-gallery\" data-currpage=\"1\" id=\"epyt_gallery_19574\"><figure class=\"wp-block-embed wp-block-embed-youtube is-type-video is-provider-youtube epyt-figure\"><div class=\"wp-block-embed__wrapper\"><div class=\"epyt-video-wrapper\"><div  id=\"_ytid_36987\"  width=\"800\" height=\"450\"  data-origwidth=\"800\" data-origheight=\"450\" data-facadesrc=\"https:\/\/www.youtube.com\/embed\/8UGy5B-kt68?enablejsapi=1&#038;autoplay=0&#038;cc_load_policy=0&#038;cc_lang_pref=&#038;iv_load_policy=1&#038;loop=0&#038;rel=1&#038;fs=1&#038;playsinline=0&#038;autohide=2&#038;theme=dark&#038;color=red&#038;controls=1&#038;disablekb=0&#038;\" class=\"__youtube_prefs__ epyt-facade no-lazyload\" data-vol=\"70\"  data-epytgalleryid=\"epyt_gallery_19574\"  data-epautoplay=\"1\" ><img decoding=\"async\" data-spai-excluded=\"true\" class=\"epyt-facade-poster skip-lazy\" loading=\"lazy\"  alt=\"YouTube player\"  src=\"https:\/\/i.ytimg.com\/vi\/8UGy5B-kt68\/maxresdefault.jpg\"  \/><button class=\"epyt-facade-play\" aria-label=\"Play\"><svg data-no-lazy=\"1\" height=\"100%\" version=\"1.1\" viewBox=\"0 0 68 48\" width=\"100%\"><path class=\"ytp-large-play-button-bg\" d=\"M66.52,7.74c-0.78-2.93-2.49-5.41-5.42-6.19C55.79,.13,34,0,34,0S12.21,.13,6.9,1.55 C3.97,2.33,2.27,4.81,1.48,7.74C0.06,13.05,0,24,0,24s0.06,10.95,1.48,16.26c0.78,2.93,2.49,5.41,5.42,6.19 C12.21,47.87,34,48,34,48s21.79-0.13,27.1-1.55c2.93-0.78,4.64-3.26,5.42-6.19C67.94,34.95,68,24,68,24S67.94,13.05,66.52,7.74z\" fill=\"#f00\"><\/path><path d=\"M 45,24 27,14 27,34\" fill=\"#fff\"><\/path><\/svg><\/button><\/div><\/div><\/div><\/figure><div class=\"epyt-gallery-subscribe\"><a target=\"_blank\" class=\"epyt-gallery-subbutton\" href=\"https:\/\/www.youtube.com\/channel\/UCOifAFv72Z6KbM85YXs34OQ?sub_confirmation=1\"><img decoding=\"async\" alt=\"subscribe\" src=\"https:\/\/seitattoostudio.com\/wp-content\/plugins\/youtube-embed-plus\/images\/play-subscribe.png\" \/>Abone Ol<\/a><\/div><div class=\"epyt-gallery-list\"><div class=\"epyt-pagination \"><div tabindex=\"0\" role=\"button\" class=\"epyt-pagebutton epyt-prev  hide \" data-playlistid=\"UUOifAFv72Z6KbM85YXs34OQ\" data-pagesize=\"3\" data-pagetoken=\"\" data-epcolumns=\"3\" data-showtitle=\"1\" data-showpaging=\"1\" data-autonext=\"0\" data-thumbplay=\"1\"><div class=\"epyt-arrow\">&laquo;<\/div> <div>Prev<\/div><\/div><div class=\"epyt-pagenumbers \"><div class=\"epyt-current\">1<\/div><div class=\"epyt-pageseparator\"> \/ <\/div><div class=\"epyt-totalpages\">4<\/div><\/div><div tabindex=\"0\" role=\"button\" class=\"epyt-pagebutton epyt-next\" data-playlistid=\"UUOifAFv72Z6KbM85YXs34OQ\" data-pagesize=\"3\" data-pagetoken=\"EAAaHlBUOkNBTWlFRE5EUVRkQk1qZzNRMFpCT1VJd1JURQ\" data-epcolumns=\"3\" data-showtitle=\"1\" data-showpaging=\"1\" data-autonext=\"0\" data-thumbplay=\"1\"><div>Next<\/div> <div class=\"epyt-arrow\">&raquo;<\/div><\/div><div class=\"epyt-loader\"><img loading=\"lazy\" decoding=\"async\" alt=\"loading\" width=\"16\" height=\"11\" src=\"https:\/\/seitattoostudio.com\/wp-content\/plugins\/youtube-embed-plus\/images\/gallery-page-loader.gif\"><\/div><\/div><div class=\"epyt-gallery-allthumbs  epyt-cols-3 \"><div tabindex=\"0\" role=\"button\" data-videoid=\"8UGy5B-kt68\" class=\"epyt-gallery-thumb\"><div class=\"epyt-gallery-img-box\"><div class=\"epyt-gallery-img\" style=\"background-image: url(https:\/\/i.ytimg.com\/vi\/8UGy5B-kt68\/hqdefault.jpg)\"><div class=\"epyt-gallery-playhover\"><img loading=\"lazy\" decoding=\"async\" alt=\"play\" class=\"epyt-play-img\" width=\"30\" height=\"23\" src=\"https:\/\/seitattoostudio.com\/wp-content\/plugins\/youtube-embed-plus\/images\/playhover.png\" data-no-lazy=\"1\" data-skipgform_ajax_framebjll=\"\" \/><div class=\"epyt-gallery-playcrutch\"><\/div><\/div><\/div><\/div><div class=\"epyt-gallery-title\">D\u00f6vme Yapt\u0131rd\u0131ktan Sonra Denize Girebilir Miyiz ? &#8211; D\u00d6VME HURAFELER\u0130 PART 6 #d\u00f6vme #d\u00f6vmebak\u0131m\u0131<\/div><\/div><div tabindex=\"0\" role=\"button\" data-videoid=\"DRU6ynw5bJ4\" class=\"epyt-gallery-thumb\"><div class=\"epyt-gallery-img-box\"><div class=\"epyt-gallery-img\" style=\"background-image: url(https:\/\/i.ytimg.com\/vi\/DRU6ynw5bJ4\/hqdefault.jpg)\"><div class=\"epyt-gallery-playhover\"><img loading=\"lazy\" decoding=\"async\" alt=\"play\" class=\"epyt-play-img\" width=\"30\" height=\"23\" src=\"https:\/\/seitattoostudio.com\/wp-content\/plugins\/youtube-embed-plus\/images\/playhover.png\" data-no-lazy=\"1\" data-skipgform_ajax_framebjll=\"\" \/><div class=\"epyt-gallery-playcrutch\"><\/div><\/div><\/div><\/div><div class=\"epyt-gallery-title\">D\u00f6vme Koruma Band\u0131n\u0131n Alt\u0131ndaki S\u0131v\u0131 Enfeksiyon Mu ? &#8211; D\u00d6VME HURAFELER\u0130 #d\u00f6vme<\/div><\/div><div tabindex=\"0\" role=\"button\" data-videoid=\"ThqecNDbP0A\" class=\"epyt-gallery-thumb\"><div class=\"epyt-gallery-img-box\"><div class=\"epyt-gallery-img\" style=\"background-image: url(https:\/\/i.ytimg.com\/vi\/ThqecNDbP0A\/hqdefault.jpg)\"><div class=\"epyt-gallery-playhover\"><img loading=\"lazy\" decoding=\"async\" alt=\"play\" class=\"epyt-play-img\" width=\"30\" height=\"23\" src=\"https:\/\/seitattoostudio.com\/wp-content\/plugins\/youtube-embed-plus\/images\/playhover.png\" data-no-lazy=\"1\" data-skipgform_ajax_framebjll=\"\" \/><div class=\"epyt-gallery-playcrutch\"><\/div><\/div><\/div><\/div><div class=\"epyt-gallery-title\">Renkli D\u00f6vme Daha \u00c7ok Ac\u0131t\u0131r M\u0131 ? &#8211; D\u00d6VME HURAFELER\u0130 Part 4  #d\u00f6vme #tattoo #d\u00f6vmeci<\/div><\/div><div class=\"epyt-gallery-rowbreak\"><\/div><div class=\"epyt-gallery-clear\"><\/div><\/div><div class=\"epyt-pagination \"><div tabindex=\"0\" role=\"button\" class=\"epyt-pagebutton epyt-prev  hide \" data-playlistid=\"UUOifAFv72Z6KbM85YXs34OQ\" data-pagesize=\"3\" data-pagetoken=\"\" data-epcolumns=\"3\" data-showtitle=\"1\" data-showpaging=\"1\" data-autonext=\"0\" data-thumbplay=\"1\"><div class=\"epyt-arrow\">&laquo;<\/div> <div>Prev<\/div><\/div><div class=\"epyt-pagenumbers \"><div class=\"epyt-current\">1<\/div><div class=\"epyt-pageseparator\"> \/ <\/div><div class=\"epyt-totalpages\">4<\/div><\/div><div tabindex=\"0\" role=\"button\" class=\"epyt-pagebutton epyt-next\" data-playlistid=\"UUOifAFv72Z6KbM85YXs34OQ\" data-pagesize=\"3\" data-pagetoken=\"EAAaHlBUOkNBTWlFRE5EUVRkQk1qZzNRMFpCT1VJd1JURQ\" data-epcolumns=\"3\" data-showtitle=\"1\" data-showpaging=\"1\" data-autonext=\"0\" data-thumbplay=\"1\"><div>Next<\/div> <div class=\"epyt-arrow\">&raquo;<\/div><\/div><div class=\"epyt-loader\"><img loading=\"lazy\" decoding=\"async\" alt=\"loading\" width=\"16\" height=\"11\" src=\"https:\/\/seitattoostudio.com\/wp-content\/plugins\/youtube-embed-plus\/images\/gallery-page-loader.gif\"><\/div><\/div><\/div><\/div>\n\n\n<figure class=\"wp-block-image size-large\"><img loading=\"lazy\" decoding=\"async\" width=\"1024\" height=\"342\" src=\"https:\/\/seitattoostudio.com\/wp-content\/uploads\/2024\/06\/Sponsored-1-1024x342.png\" alt=\"\" class=\"wp-image-730\" srcset=\"https:\/\/seitattoostudio.com\/wp-content\/uploads\/2024\/06\/Sponsored-1-1024x342.png 1024w, https:\/\/seitattoostudio.com\/wp-content\/uploads\/2024\/06\/Sponsored-1-300x100.png 300w, https:\/\/seitattoostudio.com\/wp-content\/uploads\/2024\/06\/Sponsored-1-768x256.png 768w, https:\/\/seitattoostudio.com\/wp-content\/uploads\/2024\/06\/Sponsored-1-1536x512.png 1536w, https:\/\/seitattoostudio.com\/wp-content\/uploads\/2024\/06\/Sponsored-1-1140x380.png 1140w, https:\/\/seitattoostudio.com\/wp-content\/uploads\/2024\/06\/Sponsored-1.png 1772w\" sizes=\"auto, (max-width: 1024px) 100vw, 1024px\" \/><\/figure>\n","protected":false},"excerpt":{"rendered":"<p>Coverup &#8211; Black &amp; Grey &#8211; Color &#8211; Realism &#8211; Micro Realism (\u00c7al\u0131\u015fmalara g\u00f6z atmak i\u00e7in buraya t\u0131klay\u0131n\u0131z ) Minimal &#8211; Micro Realism &#8211; Dotwork &#8211; Realism &#8211; Color (\u00c7al\u0131\u015fmalara g\u00f6z atmak i\u00e7in buraya t\u0131klay\u0131n\u0131z ) Minimal &#8211; Micro Realism &#8211; Dotwork &#8211; Realism (\u00c7al\u0131\u015fmalara g\u00f6z atmak i\u00e7in buraya t\u0131klay\u0131n\u0131z ) Minimal &#8211; Micro Realism &#8211; Dotwork &#8211; Graphic Realism (\u00c7al\u0131\u015fmalara g\u00f6z atmak i\u00e7in buraya t\u0131klay\u0131n\u0131z ) Micro Realism &#8211; Color -Anime &#8211; Game (\u00c7al\u0131\u015fmalara g\u00f6z atmak i\u00e7in buraya t\u0131klay\u0131n\u0131z) T\u00fcrkiye&#8217;deki ilk ve en b\u00fcy\u00fck d\u00f6vme okulu INKAKADEM\u0130 art\u0131k Eski\u015fehir Sei Tattoo Studio&#8217;da. Eski\u015fehir d\u00f6vme e\u011fitim program\u0131m\u0131z hakk\u0131nda detayl\u0131 bilgi i\u00e7in buraya t\u0131klay\u0131n\u0131z.<\/p>\n","protected":false},"author":1,"featured_media":0,"parent":0,"menu_order":1,"comment_status":"closed","ping_status":"closed","template":"","meta":{"ngg_post_thumbnail":0,"footnotes":""},"class_list":["post-111","page","type-page","status-publish","hentry"],"_links":{"self":[{"href":"https:\/\/seitattoostudio.com\/index.php\/wp-json\/wp\/v2\/pages\/111","targetHints":{"allow":["GET"]}}],"collection":[{"href":"https:\/\/seitattoostudio.com\/index.php\/wp-json\/wp\/v2\/pages"}],"about":[{"href":"https:\/\/seitattoostudio.com\/index.php\/wp-json\/wp\/v2\/types\/page"}],"author":[{"embeddable":true,"href":"https:\/\/seitattoostudio.com\/index.php\/wp-json\/wp\/v2\/users\/1"}],"replies":[{"embeddable":true,"href":"https:\/\/seitattoostudio.com\/index.php\/wp-json\/wp\/v2\/comments?post=111"}],"version-history":[{"count":71,"href":"https:\/\/seitattoostudio.com\/index.php\/wp-json\/wp\/v2\/pages\/111\/revisions"}],"predecessor-version":[{"id":1107,"href":"https:\/\/seitattoostudio.com\/index.php\/wp-json\/wp\/v2\/pages\/111\/revisions\/1107"}],"wp:attachment":[{"href":"https:\/\/seitattoostudio.com\/index.php\/wp-json\/wp\/v2\/media?parent=111"}],"curies":[{"name":"wp","href":"https:\/\/api.w.org\/{rel}","templated":true}]}}