{"id":1023,"date":"2025-10-09T15:45:55","date_gmt":"2025-10-09T12:45:55","guid":{"rendered":"https:\/\/seitattoostudio.com\/?page_id=1023"},"modified":"2025-10-09T15:45:55","modified_gmt":"2025-10-09T12:45:55","slug":"yuksel-kurutan","status":"publish","type":"page","link":"https:\/\/seitattoostudio.com\/index.php\/yuksel-kurutan\/","title":{"rendered":"Y\u00fcksel Kurutan"},"content":{"rendered":"\n<div class=\"wp-block-media-text is-stacked-on-mobile\"><figure class=\"wp-block-media-text__media\"><img loading=\"lazy\" decoding=\"async\" width=\"1024\" height=\"1024\" src=\"https:\/\/seitattoostudio.com\/wp-content\/uploads\/2025\/10\/ali-OZAKCA-1-1024x1024.jpg\" alt=\"\" class=\"wp-image-1024 size-full\" srcset=\"https:\/\/seitattoostudio.com\/wp-content\/uploads\/2025\/10\/ali-OZAKCA-1-1024x1024.jpg 1024w, https:\/\/seitattoostudio.com\/wp-content\/uploads\/2025\/10\/ali-OZAKCA-1-300x300.jpg 300w, https:\/\/seitattoostudio.com\/wp-content\/uploads\/2025\/10\/ali-OZAKCA-1-150x150.jpg 150w, https:\/\/seitattoostudio.com\/wp-content\/uploads\/2025\/10\/ali-OZAKCA-1-768x768.jpg 768w, https:\/\/seitattoostudio.com\/wp-content\/uploads\/2025\/10\/ali-OZAKCA-1-75x75.jpg 75w, https:\/\/seitattoostudio.com\/wp-content\/uploads\/2025\/10\/ali-OZAKCA-1.jpg 1080w\" sizes=\"auto, (max-width: 1024px) 100vw, 1024px\" \/><\/figure><div class=\"wp-block-media-text__content\">\n<p> Y\u00fcksel 1997&#8217;de Eski\u015fehir&#8217;de do\u011fup b\u00fcy\u00fcd\u00fc. 2021 y\u0131l\u0131nda d\u00f6vme sanat\u0131 ile tan\u0131\u015ft\u0131. A\u011f\u0131rl\u0131kl\u0131 olarak Graphic Realism alan\u0131nda \u00e7al\u0131\u015fmakta. Y\u00fcksel&#8217;den randevu almak i\u00e7in l\u00fctfen\u00a0<a href=\"https:\/\/seitattoostudio.com\/index.php\/randevu\/\" target=\"_blank\" rel=\"noreferrer noopener\"><strong>bizimle ileti\u015fime ge\u00e7iniz<\/strong><\/a>.<\/p>\n<\/div><\/div>\n\n\n\nngg_shortcode_0_placeholder\n","protected":false},"excerpt":{"rendered":"<p>Y\u00fcksel 1997&#8217;de Eski\u015fehir&#8217;de do\u011fup b\u00fcy\u00fcd\u00fc. 2021 y\u0131l\u0131nda d\u00f6vme sanat\u0131 ile tan\u0131\u015ft\u0131. A\u011f\u0131rl\u0131kl\u0131 olarak Graphic Realism alan\u0131nda \u00e7al\u0131\u015fmakta. Y\u00fcksel&#8217;den randevu almak i\u00e7in l\u00fctfen\u00a0bizimle ileti\u015fime ge\u00e7iniz.<\/p>\n","protected":false},"author":1,"featured_media":0,"parent":0,"menu_order":0,"comment_status":"closed","ping_status":"closed","template":"","meta":{"ngg_post_thumbnail":0,"footnotes":""},"class_list":["post-1023","page","type-page","status-publish","hentry"],"_links":{"self":[{"href":"https:\/\/seitattoostudio.com\/index.php\/wp-json\/wp\/v2\/pages\/1023","targetHints":{"allow":["GET"]}}],"collection":[{"href":"https:\/\/seitattoostudio.com\/index.php\/wp-json\/wp\/v2\/pages"}],"about":[{"href":"https:\/\/seitattoostudio.com\/index.php\/wp-json\/wp\/v2\/types\/page"}],"author":[{"embeddable":true,"href":"https:\/\/seitattoostudio.com\/index.php\/wp-json\/wp\/v2\/users\/1"}],"replies":[{"embeddable":true,"href":"https:\/\/seitattoostudio.com\/index.php\/wp-json\/wp\/v2\/comments?post=1023"}],"version-history":[{"count":1,"href":"https:\/\/seitattoostudio.com\/index.php\/wp-json\/wp\/v2\/pages\/1023\/revisions"}],"predecessor-version":[{"id":1095,"href":"https:\/\/seitattoostudio.com\/index.php\/wp-json\/wp\/v2\/pages\/1023\/revisions\/1095"}],"wp:attachment":[{"href":"https:\/\/seitattoostudio.com\/index.php\/wp-json\/wp\/v2\/media?parent=1023"}],"curies":[{"name":"wp","href":"https:\/\/api.w.org\/{rel}","templated":true}]}}